{"id":87,"date":"2019-04-17T15:46:38","date_gmt":"2019-04-17T13:46:38","guid":{"rendered":"http:\/\/test.cogito-institut.eu\/?page_id=87"},"modified":"2019-04-30T15:16:10","modified_gmt":"2019-04-30T13:16:10","slug":"josef-reindl-dipl-soz","status":"publish","type":"page","link":"https:\/\/cogito-institut.de\/?page_id=87","title":{"rendered":"Josef Reindl"},"content":{"rendered":"\n<figure class=\"wp-block-image is-resized\"><img loading=\"lazy\" decoding=\"async\" src=\"http:\/\/test.cogito-institut.eu\/wp-content\/uploads\/2019\/04\/Josef-Reindl.jpg\" alt=\"\" class=\"wp-image-243\" width=\"197\" height=\"207\"\/><\/figure>\n\n\n\n<p>Jahrgang 1953. Humanistisches Gymnasium. Studium der Soziologie und der Volkswirtschaftslehre. Diplom-Soziologe.<\/p>\n\n\n\n<p>Von 1983 bis 2014\nwissenschaftlicher Mitarbeiter am iso-Institut Saarbr\u00fccken im Schwerpunkt\nIndustrie- und Arbeitssoziologie. Durchf\u00fchrung zahlreicher wissenschaftlicher\nProjekte (Grundlagen- und Anwendungsforschung, Gestaltungs- und\nBeratungsprojekte) in mitarbeitender und\/oder leitender Funktion.<\/p>\n\n\n\n<p>Arbeitsschwerpunkte: Zun\u00e4chst Studien zur Soziologie des industriellen Mittelstands, u.a. zusammen mit H. Kotthoff die Grundlagenstudie \u201eDie soziale Welt kleiner Betriebe\u201c. Sp\u00e4ter ab 1994 ausgel\u00f6st durch eigene biographische Erfahrungen Hinwendung zum Themenkreis betriebliche Gesundheitspolitik; dabei Entwicklung eines eigenen gesundheitspolitischen Ansatzes (\u201eressource\u201c). Weiterhin Projekte zur Reorganisation in Unternehmen und (in kritischer Distanz zum Forschungs-Mainstream) zum demographischen Wandel in der Arbeitswelt. In letzter Zeit zunehmend interventionistische Forschung in Unternehmen: Beratung und Gestaltung von Ver\u00ad\u00e4n\u00adder\u00adungs\u00adpro\u00adzes\u00adsen, Umgang mit den psychischen Risiken moderner Arbeit<br> <br>Methodische Ausrichtung: qualitative Sozialforschung; v.a. betriebliche Fallstudien und Aktionsforschung. Kennzeichnend ist eine tiefe und breite empirische Durchdringung der betrieblichen Realit\u00e4t. Ergebnisse der Forschung werden in den betrieblichen Diskurs eingespeist.<\/p>\n\n\n\n<p>Theoretische Ausrichtung: Versuch eine Synthese der Politischen \u00d6konomie und der Ph\u00e4nomenologie. Das zentrale Interesse gilt der kulturellen \u00dcberformung der \u00d6konomie und der handlungssoziologischen Anreicherung der Marx\u2019schen Ka\u00adpi\u00adta\u00adlis\u00admus\u00adkri\u00adtik. Ver\u00f6ffentlichungen: Zahlreiche Buch-Publikationen sowie Aufs\u00e4tze in sozialwissenschaftlichen und anderen Zeitschriften.<br><br>Seit Herbst 2014 selbst\u00e4ndiger sozialwissenschaftlicher Berater und Forscher. Mitglied des COGITO-Instituts. <\/p>\n","protected":false},"excerpt":{"rendered":"<p>Jahrgang 1953. Humanistisches Gymnasium. Studium der Soziologie und der Volkswirtschaftslehre. Diplom-Soziologe. Von 1983 bis 2014 wissenschaftlicher Mitarbeiter am iso-Institut Saarbr\u00fccken im Schwerpunkt Industrie- und Arbeitssoziologie. Durchf\u00fchrung zahlreicher wissenschaftlicher Projekte (Grundlagen- und Anwendungsforschung, Gestaltungs- und Beratungsprojekte) in mitarbeitender und\/oder leitender Funktion. [&hellip;]<\/p>\n","protected":false},"author":1,"featured_media":0,"parent":0,"menu_order":0,"comment_status":"closed","ping_status":"closed","template":"","meta":{"footnotes":""},"class_list":["post-87","page","type-page","status-publish","hentry"],"_links":{"self":[{"href":"https:\/\/cogito-institut.de\/index.php?rest_route=\/wp\/v2\/pages\/87","targetHints":{"allow":["GET"]}}],"collection":[{"href":"https:\/\/cogito-institut.de\/index.php?rest_route=\/wp\/v2\/pages"}],"about":[{"href":"https:\/\/cogito-institut.de\/index.php?rest_route=\/wp\/v2\/types\/page"}],"author":[{"embeddable":true,"href":"https:\/\/cogito-institut.de\/index.php?rest_route=\/wp\/v2\/users\/1"}],"replies":[{"embeddable":true,"href":"https:\/\/cogito-institut.de\/index.php?rest_route=%2Fwp%2Fv2%2Fcomments&post=87"}],"version-history":[{"count":9,"href":"https:\/\/cogito-institut.de\/index.php?rest_route=\/wp\/v2\/pages\/87\/revisions"}],"predecessor-version":[{"id":628,"href":"https:\/\/cogito-institut.de\/index.php?rest_route=\/wp\/v2\/pages\/87\/revisions\/628"}],"wp:attachment":[{"href":"https:\/\/cogito-institut.de\/index.php?rest_route=%2Fwp%2Fv2%2Fmedia&parent=87"}],"curies":[{"name":"wp","href":"https:\/\/api.w.org\/{rel}","templated":true}]}}