{"id":843,"date":"2019-06-27T06:38:37","date_gmt":"2019-06-27T04:38:37","guid":{"rendered":"http:\/\/cogito-institut.de\/?page_id=843"},"modified":"2019-06-27T06:56:01","modified_gmt":"2019-06-27T04:56:01","slug":"klaus-gietinger","status":"publish","type":"page","link":"https:\/\/cogito-institut.de\/?page_id=843","title":{"rendered":"Klaus Gietinger"},"content":{"rendered":"\n<figure class=\"wp-block-image is-resized\"><img loading=\"lazy\" decoding=\"async\" src=\"https:\/\/cogito-institut.de\/wp-content\/uploads\/2019\/06\/Klaus-Gietinger-Foto-Matthias-Becker-unter600-1024x832.jpg\" alt=\"\" class=\"wp-image-844\" width=\"302\" height=\"245\" srcset=\"https:\/\/cogito-institut.de\/wp-content\/uploads\/2019\/06\/Klaus-Gietinger-Foto-Matthias-Becker-unter600-1024x832.jpg 1024w, https:\/\/cogito-institut.de\/wp-content\/uploads\/2019\/06\/Klaus-Gietinger-Foto-Matthias-Becker-unter600-300x244.jpg 300w, https:\/\/cogito-institut.de\/wp-content\/uploads\/2019\/06\/Klaus-Gietinger-Foto-Matthias-Becker-unter600-768x624.jpg 768w, https:\/\/cogito-institut.de\/wp-content\/uploads\/2019\/06\/Klaus-Gietinger-Foto-Matthias-Becker-unter600.jpg 1701w\" sizes=\"auto, (max-width: 302px) 100vw, 302px\" \/><figcaption>Foto Mathias Becker<\/figcaption><\/figure>\n\n\n\n<p>Geboren in Lindenberg im Allg\u00e4u. <\/p>\n\n\n\n<p>1974 Abitur und Zivildienst. <br>\n1983 Dipl. Sozialwissenschaftler (Dipl. Sozialwirt). Abschlussarbeit \u00fcber\nFilmtheorie.<\/p>\n\n\n\n<p>Kurzfilme auf Super-8 seit 1973. <\/p>\n\n\n\n<p>Gr\u00fcnder der Westallg\u00e4uer\nFilmproduktion (WAF) mit Leo Hiemer, Fritz G\u00fcnthner und Georg Veit (1979 &#8211;\n1990). 1991 Aufl\u00f6sung der WAF. Seitdem selbst\u00e4ndiger Autor, Regisseur und\nSozialwissenschaftler.<\/p>\n\n\n\n<p><strong>4 Kinospielfilme<\/strong> als Autor\/Regisseur z.T. als Produzent:<br><strong>Lond it luck<\/strong> &nbsp;\u2013 Geschichte des Allg\u00e4uer Bauernkrieges, 1979, Directorscut 2007.<br><strong>Daheim sterben die Leut <\/strong>1985 Buch\/Regie zus. mit L. Hiemer,auch Produzenten.<br><strong>Sch\u00f6n war die Zeit<\/strong> Buch; Regie mit L. Hiemer 1988, auch als Produzenten.<br><strong>Heinrich der S\u00e4ger<\/strong> Buch und Regie 2001.<\/p>\n\n\n\n<p><strong>5 Tatorte<\/strong> von 1998 &#8211; 2005 als Autor\/Regisseur.<br><strong>7 Fernsehfilme<\/strong> 1981 &#8211; 2006 als Autor\/Regisseur.<br><strong>3 Serien <\/strong>1993 \u2013 1998, als Regisseur\/ z. T. als Autor.<br><strong>1 Kinderfilm: Rotk\u00e4ppchen<\/strong> als Regisseur. <br><strong>46 x L\u00f6wenzahn <\/strong>2006-2017 als Regisseur.<br><strong>3 Kino-Drehb\u00fccher<\/strong> 1992, 1998, 2010 f\u00fcr und mit Douglas Wolfsperger.<br><strong>10 Drehb\u00fccher<\/strong> f\u00fcr historische Spielfilme des BR (<strong>Vom Reich zur Republik<\/strong>) mit Bernd Fischerauer, insgesamt 840 Min., 2008 \u2013 2012.<br><strong>4 Dokumentarfilme <\/strong>2013 \u2013 2018 <br>zuletzt:<br><strong>Wie starb Benno Ohnesorg \u2013 Der 2. Juni 1967<\/strong> (Mit Margot Overath), RBB\/HR 2017, gesendet am 29.5.2017 (ARD), 30.5. (RBB) und 1.6. (HR) Nominiert zum Grimme-Preis 2018.<br><strong>Lenchen Demuth und Karl Marx<\/strong> (Dokudrama f\u00fcr SR\/SWR). Sendung 26. April 2018. Drehbuchf\u00f6rderung: Staudte (Hessenfilm) und Lenchen Demuth (Saarlandmedien), 2017<\/p>\n\n\n\n<p><strong>Zahlreiche auch internationale Preise, darunter die Nominierung zum Deutschen Filmpreis und zuletzt: H\u00f6rfilmpreis f\u00fcr L\u00f6wenzahn (2017).<\/strong> <strong>Nominierung zum Grimme-Preis f\u00fcr Wie starb Benno Ohnesorg (2018)<\/strong><\/p>\n\n\n\n<p><strong>Sachb\u00fccher:<\/strong><br><strong>Eine Leiche im Landwehrkanal \u2013 die Ermordung Rosa Luxemburgs<\/strong><br>(1. Auflage 1993, 2. Auflage 1995, 3. Auflage 2009, 4. Auflage 2018, englische Auflage 2019)<br><strong>Hitler vor Gericht \u2013 Der Prozess nach dem Putsch<\/strong>, M\u00fcnchen 2009<br><strong>Der Konterrevolution\u00e4r. Waldemar Pabst &#8211; eine deutsche Karriere<\/strong>, Hamburg 2009<br><strong>Totalschaden. Das Autohasserbuch<\/strong>, Frankfurt 2010, <br><strong>99 Crashes &#8211; Prominente Unfallopfer,<\/strong> Frankfurt 2014<br><strong>Chapeau \u2013 Das Westallg\u00e4u beh\u00fctet die Welt. Die Geschichte der Hutproduktion in Lindenberg und Umgebung.<\/strong> Mit Georg Gr\u00fcbel und Manfred R\u00f6hrl, Lindenberg\/Allg\u00e4u 2015. <br><strong>Der Seelentr\u00f6ster. Wie Christopher Clark die Deutschen von der Schuld am Ersten Weltkrieg befreit<\/strong><em>.<\/em> Einleitung Winfried Wolf, Stuttgart 2017,<br><strong>November 1918 \u2212 Der verpasste Fr\u00fchling des 20. Jahrhunderts.<\/strong> Vorwort <a href=\"https:\/\/de.wikipedia.org\/wiki\/Karl_Heinz_Roth\">Karl Heinz Roth<\/a>, Hamburg 2018.<br><strong>Blaue Jungs mit roten Fahnen \u2013 Die Volksmarinedivision 1918\/19. <\/strong>M\u00fcnster 2019<br><strong>Vollbremsung \u2013 Warum das Auto keine Zukunft hat und wir trotzdem weiterkommen,<\/strong> Frankfurt 2019<\/p>\n\n\n\n<p><strong>Romane<\/strong><br><strong>Unser Weltmeister, <\/strong>Memmingen 2014<br><strong>Karl Marx, die Liebe und das Kapital<\/strong>, Frankfurt 2018.<\/p>\n\n\n\n<p>Beteiligung an diversen Sammelb\u00e4nden<\/p>\n","protected":false},"excerpt":{"rendered":"<p>Geboren in Lindenberg im Allg\u00e4u. 1974 Abitur und Zivildienst. 1983 Dipl. Sozialwissenschaftler (Dipl. Sozialwirt). Abschlussarbeit \u00fcber Filmtheorie. Kurzfilme auf Super-8 seit 1973. Gr\u00fcnder der Westallg\u00e4uer Filmproduktion (WAF) mit Leo Hiemer, Fritz G\u00fcnthner und Georg Veit (1979 &#8211; 1990). 1991 Aufl\u00f6sung [&hellip;]<\/p>\n","protected":false},"author":1,"featured_media":0,"parent":0,"menu_order":0,"comment_status":"closed","ping_status":"closed","template":"","meta":{"footnotes":""},"class_list":["post-843","page","type-page","status-publish","hentry"],"_links":{"self":[{"href":"https:\/\/cogito-institut.de\/index.php?rest_route=\/wp\/v2\/pages\/843","targetHints":{"allow":["GET"]}}],"collection":[{"href":"https:\/\/cogito-institut.de\/index.php?rest_route=\/wp\/v2\/pages"}],"about":[{"href":"https:\/\/cogito-institut.de\/index.php?rest_route=\/wp\/v2\/types\/page"}],"author":[{"embeddable":true,"href":"https:\/\/cogito-institut.de\/index.php?rest_route=\/wp\/v2\/users\/1"}],"replies":[{"embeddable":true,"href":"https:\/\/cogito-institut.de\/index.php?rest_route=%2Fwp%2Fv2%2Fcomments&post=843"}],"version-history":[{"count":3,"href":"https:\/\/cogito-institut.de\/index.php?rest_route=\/wp\/v2\/pages\/843\/revisions"}],"predecessor-version":[{"id":848,"href":"https:\/\/cogito-institut.de\/index.php?rest_route=\/wp\/v2\/pages\/843\/revisions\/848"}],"wp:attachment":[{"href":"https:\/\/cogito-institut.de\/index.php?rest_route=%2Fwp%2Fv2%2Fmedia&parent=843"}],"curies":[{"name":"wp","href":"https:\/\/api.w.org\/{rel}","templated":true}]}}