{"id":72,"date":"2019-04-17T15:44:49","date_gmt":"2019-04-17T13:44:49","guid":{"rendered":"http:\/\/test.cogito-institut.eu\/?page_id=72"},"modified":"2025-08-18T15:58:06","modified_gmt":"2025-08-18T13:58:06","slug":"lena-wirth","status":"publish","type":"page","link":"https:\/\/cogito-institut.de\/?page_id=72","title":{"rendered":"Lena Marie Wirth"},"content":{"rendered":"\n<figure class=\"wp-block-image size-large is-resized\"><img loading=\"lazy\" decoding=\"async\" src=\"https:\/\/cogito-institut.de\/wp-content\/uploads\/2025\/08\/Bild_LMW-1024x907.jpg\" alt=\"\" class=\"wp-image-921\" width=\"267\" height=\"237\" srcset=\"https:\/\/cogito-institut.de\/wp-content\/uploads\/2025\/08\/Bild_LMW-1024x907.jpg 1024w, https:\/\/cogito-institut.de\/wp-content\/uploads\/2025\/08\/Bild_LMW-300x266.jpg 300w, https:\/\/cogito-institut.de\/wp-content\/uploads\/2025\/08\/Bild_LMW-768x680.jpg 768w, https:\/\/cogito-institut.de\/wp-content\/uploads\/2025\/08\/Bild_LMW-1536x1361.jpg 1536w, https:\/\/cogito-institut.de\/wp-content\/uploads\/2025\/08\/Bild_LMW-2048x1814.jpg 2048w\" sizes=\"auto, (max-width: 267px) 100vw, 267px\" \/><\/figure>\n\n\n\n<p>Lena Marie Wirth wurde im Jahr 1983 in Bochum geboren. Sie absolvierte ein Studium der Diplom-Wirtschaftsrecht an der heutigen Leuphana Universit\u00e4t, gefolgt von einem Masterstudium im Bereich Management Consulting an der Universit\u00e4t Oldenburg. Ihre Promotion erfolgte am Lehrstuhl f\u00fcr Organisation und Personal der Carl von Ossietzky Universit\u00e4t Oldenburg. Gegenstand der Dissertation war die Entwicklung eines Modells zur individuellen, ressourcenorientierten Bew\u00e4ltigung von Ver\u00e4nderungsprozessen (Glunz, 2014).<\/p>\n\n\n\n<p>Erste wissenschaftliche Auseinandersetzungen mit dem Ph\u00e4nomen der interessierten Selbstgef\u00e4hrdung ergaben sich im Rahmen empirischer Erhebungen bei einer Regionalbank w\u00e4hrend der Promotionsphase. Seit dem Jahr 2016 widmet sich Lena Marie Wirth vertieft der Analyse indirekter Steuerungsmechanismen, insbesondere im Kontext von Gesundheits- und Pflegeberufen. Ihre Forschungst\u00e4tigkeit konzentriert sich auf die Schnittstellen von Mensch, Organisation und Technik, mit einem besonderen Schwerpunkt auf Organisations-, Personal- und Arbeitskonzepte. Seit einigen Jahren ist sie Mitglied der Deutschen Gesellschaft f\u00fcr Pflegewissenschaft.<\/p>\n\n\n\n<p>Lena Marie Wirth forscht seit \u00fcber zehn Jahren mit- und eigenverantwortlich in arbeits- und pflegewissenschaftlichen Projekten. Ihre Stationen umfassen die Universit\u00e4t Oldenburg, die Universit\u00e4t Osnabr\u00fcck sowie das Institut Arbeit und Technik.<\/p>\n\n\n\n<p>Mitglied des COGITO-Instituts seit 2017.  <\/p>\n","protected":false},"excerpt":{"rendered":"<p>Lena Marie Wirth wurde im Jahr 1983 in Bochum geboren. Sie absolvierte ein Studium der Diplom-Wirtschaftsrecht an der heutigen Leuphana Universit\u00e4t, gefolgt von einem Masterstudium im Bereich Management Consulting an der Universit\u00e4t Oldenburg. Ihre Promotion erfolgte am Lehrstuhl f\u00fcr Organisation [&hellip;]<\/p>\n","protected":false},"author":1,"featured_media":0,"parent":0,"menu_order":0,"comment_status":"closed","ping_status":"closed","template":"","meta":{"footnotes":""},"class_list":["post-72","page","type-page","status-publish","hentry"],"_links":{"self":[{"href":"https:\/\/cogito-institut.de\/index.php?rest_route=\/wp\/v2\/pages\/72","targetHints":{"allow":["GET"]}}],"collection":[{"href":"https:\/\/cogito-institut.de\/index.php?rest_route=\/wp\/v2\/pages"}],"about":[{"href":"https:\/\/cogito-institut.de\/index.php?rest_route=\/wp\/v2\/types\/page"}],"author":[{"embeddable":true,"href":"https:\/\/cogito-institut.de\/index.php?rest_route=\/wp\/v2\/users\/1"}],"replies":[{"embeddable":true,"href":"https:\/\/cogito-institut.de\/index.php?rest_route=%2Fwp%2Fv2%2Fcomments&post=72"}],"version-history":[{"count":13,"href":"https:\/\/cogito-institut.de\/index.php?rest_route=\/wp\/v2\/pages\/72\/revisions"}],"predecessor-version":[{"id":930,"href":"https:\/\/cogito-institut.de\/index.php?rest_route=\/wp\/v2\/pages\/72\/revisions\/930"}],"wp:attachment":[{"href":"https:\/\/cogito-institut.de\/index.php?rest_route=%2Fwp%2Fv2%2Fmedia&parent=72"}],"curies":[{"name":"wp","href":"https:\/\/api.w.org\/{rel}","templated":true}]}}