{"id":546,"date":"2019-04-20T14:11:15","date_gmt":"2019-04-20T12:11:15","guid":{"rendered":"http:\/\/test.cogito-institut.eu\/?page_id=546"},"modified":"2021-01-28T01:27:50","modified_gmt":"2021-01-28T00:27:50","slug":"impressum-und-datenschutzangaben","status":"publish","type":"page","link":"https:\/\/cogito-institut.de\/?page_id=546","title":{"rendered":"Impressum und Datenschutzangaben"},"content":{"rendered":"\n<p>COGITO Institut f\u00fcr Autonomieforschung e.V.<br><br>Vereinsregister des Amtsgerichts K\u00f6ln VR19614 <\/p>\n\n\n\n<p>Venloer Str. 287<br>50823 K\u00f6ln<br>0 221 589-2945 B\u00fcro<br>0 221 589-19697 Fax<br><a href=\"mailto:box@cogito-institut.de\">box@cogito-institut.de<\/a><\/p>\n\n\n\n<p>Verantwortlich im Sinne des Mediengesetzes: J\u00f6rg Stadlinger<\/p>\n\n\n\n<p>F\u00fcr die Vollst\u00e4ndigkeit, Richtigkeit  und Aktualit\u00e4t der von uns zur  Verf\u00fcgung gestellten Informationen  \u00fcbernehmen wir keine Haftung. Die  Benutzung unserer  Seiten erfolgt auf eigene Gefahr. F\u00fcr die Inhalte  verlinkter Sites sind  alleine deren Betreiber verantwortlich.   <\/p>\n\n\n\n<p><strong>Datenschutzerkl\u00e4rung:<\/strong>  Diese Website verwendet keine Cookies. Die Nutzung unserer Webseiten ist ohne jede Angabe  personenbezogener Daten m\u00f6glich. COGITO erh\u00e4lt bei Nutzung dieser Website weder IP-Adressen, noch Browser-Informationen und h\u00e4lt auch nirgendwo Informationen \u00fcber Datum, Uhrzeit und Dauer von Besuchen auf dieser Website fest. Wir benutzen auch keine technischen Mittel, mit denen wir solche Informationen sichtbar und speicherbar machen k\u00f6nnten. Dies gilt auch f\u00fcr den Fall eines Downloads von Dateien mittels unserer Website. Wir erhalten keinerlei Informationen \u00fcber solche Downloads, und wissen noch nicht einmal, ob \u00fcberhaupt Dateien \u00fcber unsere Webseiten abgerufen werden.<\/p>\n\n\n\n<p>F\u00fcr den Fall, dass die Mailadressen auf diesen Webseiten f\u00fcr den Versand von Mails genutzt werden, gehen wir mit den Daten genauso um, als wenn die Mailadressen von Hand in die Adresszeilen von Mails eingetragen worden w\u00e4ren.<\/p>\n\n\n\n<p>Soweit der Provider (Strato)  IP-Adressen, Browser u.\u00e4. identifiziert,  geschieht das unter Beachtung der geltenden  datenschutzrechtlichen Vorschriften, insbesondere der  Datenschutzgrundverordnung (DSGVO). Alle entsprechenden Daten werden unseres Wissens vom Provider vertraulich behandelt und weder an uns, noch an andere weitergegeben. <\/p>\n\n\n\n<p>Um uns m\u00f6glichst vor schikan\u00f6sen Abmahnverfahren zu sch\u00fctzen, erkl\u00e4ren wir trotz einer in unserem Fall un\u00fcbersehbaren Sinnlosigkeit vorsorglich folgendes: Jede von der Verarbeitung personenbezogener Daten betroffene Person hat nach Ma\u00dfgabe der &nbsp;gesetzlichen Bestimmungen ein Recht, von der verantwortlichen Stelle unentgeltliche Auskunft oder Best\u00e4tigung \u00fcber die zu seiner Person gespeicherten personenbezogenen Daten zu verlangen. Dar\u00fcber hinaus besteht ein Recht auf unverz\u00fcgliche Berichtigung sie betreffender unrichtiger &nbsp;personenbezogener Daten oder L\u00f6schung, oder auf Einschr\u00e4nkung der Verarbeitung oder ein Widerspruchsrecht gegen die Verarbeitung. &nbsp;Eine datenschutzrechtliche Einwilligung zur Verarbeitung personenbezogener Daten kann jederzeit widerrufen werden, ohne dass die Rechtm\u00e4\u00dfigkeit der aufgrund der Einwilligung bis zum Widerruf erfolgten Verarbeitung ber\u00fchrt wird. Daneben kann unbeschadet eines anderweitigen administrativen oder gerichtlichen Rechtsbehelfs Beschwerde bei einer mitgliedstaatlichen Aufsichtsbeh\u00f6rde erhoben werden, wenn Zweifel an der &nbsp;Rechtm\u00e4\u00dfigkeit der Verarbeitung der sie betreffenden personenbezogenen Daten bestehen. &nbsp;<\/p>\n\n\n\n<p><\/p>\n","protected":false},"excerpt":{"rendered":"<p>COGITO Institut f\u00fcr Autonomieforschung e.V. Vereinsregister des Amtsgerichts K\u00f6ln VR19614 Venloer Str. 28750823 K\u00f6ln0 221 589-2945 B\u00fcro0 221 589-19697 Faxbox@cogito-institut.de Verantwortlich im Sinne des Mediengesetzes: J\u00f6rg Stadlinger F\u00fcr die Vollst\u00e4ndigkeit, Richtigkeit und Aktualit\u00e4t der von uns zur Verf\u00fcgung gestellten Informationen [&hellip;]<\/p>\n","protected":false},"author":1,"featured_media":0,"parent":0,"menu_order":0,"comment_status":"closed","ping_status":"closed","template":"","meta":{"footnotes":""},"class_list":["post-546","page","type-page","status-publish","hentry"],"_links":{"self":[{"href":"https:\/\/cogito-institut.de\/index.php?rest_route=\/wp\/v2\/pages\/546","targetHints":{"allow":["GET"]}}],"collection":[{"href":"https:\/\/cogito-institut.de\/index.php?rest_route=\/wp\/v2\/pages"}],"about":[{"href":"https:\/\/cogito-institut.de\/index.php?rest_route=\/wp\/v2\/types\/page"}],"author":[{"embeddable":true,"href":"https:\/\/cogito-institut.de\/index.php?rest_route=\/wp\/v2\/users\/1"}],"replies":[{"embeddable":true,"href":"https:\/\/cogito-institut.de\/index.php?rest_route=%2Fwp%2Fv2%2Fcomments&post=546"}],"version-history":[{"count":10,"href":"https:\/\/cogito-institut.de\/index.php?rest_route=\/wp\/v2\/pages\/546\/revisions"}],"predecessor-version":[{"id":906,"href":"https:\/\/cogito-institut.de\/index.php?rest_route=\/wp\/v2\/pages\/546\/revisions\/906"}],"wp:attachment":[{"href":"https:\/\/cogito-institut.de\/index.php?rest_route=%2Fwp%2Fv2%2Fmedia&parent=546"}],"curies":[{"name":"wp","href":"https:\/\/api.w.org\/{rel}","templated":true}]}}