{"id":48,"date":"2019-04-17T13:48:18","date_gmt":"2019-04-17T11:48:18","guid":{"rendered":"http:\/\/test.cogito-institut.eu\/?page_id=48"},"modified":"2026-01-04T10:50:32","modified_gmt":"2026-01-04T09:50:32","slug":"institut","status":"publish","type":"page","link":"https:\/\/cogito-institut.de\/?page_id=48","title":{"rendered":"Institut"},"content":{"rendered":"\n<p><a href=\"http:\/\/test.cogito-institut.eu\/?page_id=84\"><strong>Wilfried Gli\u00dfmann<\/strong><\/a><strong>\/ <\/strong><a href=\"http:\/\/test.cogito-institut.eu\/?page_id=75\"><strong>J\u00fcrgen Laimer<\/strong><\/a><strong>\/ <\/strong><a href=\"https:\/\/cogito-institut.de\/?page_id=69\"><strong>Dr. Klaus Peters<\/strong><\/a><strong>\/ <\/strong><a href=\"http:\/\/test.cogito-institut.eu\/?page_id=87\"><strong>Josef Reindl, Dipl.-Soz. \/<\/strong><\/a><br><a href=\"http:\/\/test.cogito-institut.eu\/?page_id=78\"><strong>J\u00f6rg Stadlinger<\/strong><\/a><strong>\/ <\/strong><a href=\"http:\/\/test.cogito-institut.eu\/?page_id=72\"><strong>Dr. Lena Marie Wirth<\/strong><\/a><\/p>\n\n\n\n<p>COGITO hat die Rechtsform eines eingetragenen Vereins und ist als gemeinn\u00fctzig anerkannt. <br>Amtsgericht K\u00f6ln VR19614. &#8211; <strong>Der Sitz des Vereins wird z.Zt. von K\u00f6ln nach Bremen verlegt (Beschluss vom 9.12.2025)<\/strong>.<\/p>\n\n\n\n<p>Vorstand: Dr. Klaus Peters. Dr. Lena Marie Wirth.<\/p>\n\n\n\n<p><strong><em>&#8222;Cogito<\/em><\/strong><em>&#8220; ist ein lateinisches Wort und hei\u00dft: &#8222;Ich denke&#8220;. Es ist das erste Wort des Satzes: &#8222;cogito ergo sum&#8220; (ich denke, also bin ich) des Philosophen und Erfinders der analytischen Geometrie Ren\u00e9 Descartes (1596-1650). Descartes wollte mit diesem Satz nicht etwa sagen, dass ich existiere, weil ich denke, sondern dass ich existiere, wenn ich denke, insofern ich nicht denken k\u00f6nnte, wenn ich nicht existierte. Diese \u00dcberlegung hatte weitreichende Folgen f\u00fcr den weiteren Verlauf der Weltgeschichte. Frans Hals hat Descartes im Jahr 1648 (im Jahr des Westf\u00e4lischen Friedens) gemalt. Das Portr\u00e4t befindet sich in Paris im Louvre.<\/em><\/p>\n\n\n<div class=\"wp-block-image\">\n<figure class=\"aligncenter\"><img loading=\"lazy\" decoding=\"async\" width=\"440\" height=\"539\" src=\"http:\/\/test.cogito-institut.eu\/wp-content\/uploads\/2019\/04\/440px-Frans_Hals_-_Portret_van_Ren\u00e9_Descartes.jpg\" alt=\"\" class=\"wp-image-463\" srcset=\"https:\/\/cogito-institut.de\/wp-content\/uploads\/2019\/04\/440px-Frans_Hals_-_Portret_van_Ren\u00e9_Descartes.jpg 440w, https:\/\/cogito-institut.de\/wp-content\/uploads\/2019\/04\/440px-Frans_Hals_-_Portret_van_Ren\u00e9_Descartes-245x300.jpg 245w\" sizes=\"auto, (max-width: 440px) 100vw, 440px\" \/><\/figure>\n<\/div>\n\n\n<p class=\"has-small-font-size\">DISCLAIMER: Nach der Gr\u00fcndung von COGITO haben mehrere Firmen das Wort &#8218;cogito&#8216; als Namen oder Logo benutzt \u2013 darunter Software-Unternehmen, Management-Beratungen, aber auch eine Baustoffirma und andererseits eine Stiftung in der Schweiz. Au\u00dferdem haben sich Zeitschriften und Verlage &#8218;cogito&#8216; genannt. Zuletzt ist noch das Center of Talented Youth der John Hopkins University dazu gekommen. Wir erkl\u00e4ren hiermit, dass wir mit diesen Firmen, Stiftungen, Zeitschriften usw. weder gesch\u00e4ftlich, noch juristisch, noch pers\u00f6nlich verbunden sind und auch an deren Gr\u00fcndung in keiner Weise beteiligt waren. Einen Streit \u00fcber Vorrechte an dem Wort &#8218;cogito&#8216; lehnen wir aus mehreren Gr\u00fcnden ab. Vor den anderen sch\u00fctzt uns, dass wir die ersten waren.<\/p>\n","protected":false},"excerpt":{"rendered":"<p>Wilfried Gli\u00dfmann\/ J\u00fcrgen Laimer\/ Dr. Klaus Peters\/ Josef Reindl, Dipl.-Soz. \/J\u00f6rg Stadlinger\/ Dr. Lena Marie Wirth COGITO hat die Rechtsform eines eingetragenen Vereins und ist als gemeinn\u00fctzig anerkannt. Amtsgericht K\u00f6ln VR19614. &#8211; Der Sitz des Vereins wird z.Zt. von K\u00f6ln [&hellip;]<\/p>\n","protected":false},"author":1,"featured_media":0,"parent":0,"menu_order":0,"comment_status":"closed","ping_status":"closed","template":"","meta":{"footnotes":""},"class_list":["post-48","page","type-page","status-publish","hentry"],"_links":{"self":[{"href":"https:\/\/cogito-institut.de\/index.php?rest_route=\/wp\/v2\/pages\/48","targetHints":{"allow":["GET"]}}],"collection":[{"href":"https:\/\/cogito-institut.de\/index.php?rest_route=\/wp\/v2\/pages"}],"about":[{"href":"https:\/\/cogito-institut.de\/index.php?rest_route=\/wp\/v2\/types\/page"}],"author":[{"embeddable":true,"href":"https:\/\/cogito-institut.de\/index.php?rest_route=\/wp\/v2\/users\/1"}],"replies":[{"embeddable":true,"href":"https:\/\/cogito-institut.de\/index.php?rest_route=%2Fwp%2Fv2%2Fcomments&post=48"}],"version-history":[{"count":24,"href":"https:\/\/cogito-institut.de\/index.php?rest_route=\/wp\/v2\/pages\/48\/revisions"}],"predecessor-version":[{"id":944,"href":"https:\/\/cogito-institut.de\/index.php?rest_route=\/wp\/v2\/pages\/48\/revisions\/944"}],"wp:attachment":[{"href":"https:\/\/cogito-institut.de\/index.php?rest_route=%2Fwp%2Fv2%2Fmedia&parent=48"}],"curies":[{"name":"wp","href":"https:\/\/api.w.org\/{rel}","templated":true}]}}