{"id":29,"date":"2019-04-17T12:59:52","date_gmt":"2019-04-17T10:59:52","guid":{"rendered":"http:\/\/test.cogito-institut.eu\/?page_id=29"},"modified":"2019-04-25T13:17:48","modified_gmt":"2019-04-25T11:17:48","slug":"start-2","status":"publish","type":"page","link":"https:\/\/cogito-institut.de\/?page_id=29","title":{"rendered":"Publikationen"},"content":{"rendered":"\n<p>Klaus Peters, Indirekte Steuerung und interessierte Selbstgef\u00e4hrdung. Pr\u00e4sentation von der PARGEMA-Abschlu\u00dftagung. 2009. <\/p>\n\n\n\n<p>Klaus Peters, Fallbeispiel Atlasbank. Indirekte Steuerung und interessierte Selbstgef\u00e4hrdung im Finanzdienstleistungsbereich. Pr\u00e4sentation von der PARGEMA-Abschlu\u00dftagung. 2009. <\/p>\n\n\n\n<p>Gerd Peter, Hg.;\nGrenzkonflikte der Arbeit. Die Herausbildung einer neuen europ\u00e4ischen\nArbeitspolitik. <br>\nHamburg: VSA-Verlag, 2007. &#8211; Darin:<\/p>\n\n\n\n<p>Dieter Sauer: Vermarktlichung und Politik. Arbeitspolitik unter den Bedingungen Indirekter Steuerung. <\/p>\n\n\n\n<p>Klaus Peters: Die Ohnmacht der M\u00e4chtigen. Anmerkungen zum Unterschied zwischen Zwang und Notwendigkeit. <\/p>\n\n\n\n<p>Dieter Scholz, Heiko Glawe, Helmut Martens u.a. (Hrsg.): Turnaround? Strategien f\u00fcr eine neue Politik der Arbeit. M\u00fcnster: Dampfboot Verlag, 2006. &#8211; Darin:Klaus Peters\/Dieter Sauer: Epochenbruch und Herrschaft. Indirekte Steuerung und die Dialektik des \u00dcbergangs.<\/p>\n\n\n\n<p>Klaus Peters: Anmerkungen zu den \u201aSpandauer Thesen\u2019 des ForumsNeue Politik der Arbeit. \u201eRentier\u2019 ich mich noch?\u201c &#8211; Neue Steuerungskonzepte im Betrieb. Hgg. von Hilde Wagner. Hamburg: VSA, 2005. &#8211; Darin:<\/p>\n\n\n\n<p>Klaus Peters\/Dieter Sauer: Indirekte Steuerung &#8211; eine neue Herrschaftsform. Zur revolution\u00e4ren Qualit\u00e4t des gegenw\u00e4rtigen Umbruchprozesses.S. 23-58. <\/p>\n\n\n\n<p>Wilfried\nGli\u00dfmann: Womit finde ich mich konfrontiert? Indirekte Steuerung im Konzern aus\nder Perspektive der Besch\u00e4ftigten. S. 155-204 <\/p>\n\n\n\n<p>Wilfried Gli\u00dfmann \/ Klaus Peters: Mehr Druck durch mehr Freiheit. Die neue Autonomie in der Arbeit  und ihre paradoxen Folgen. Hamburg: VSA-Verlag, 2001.<\/p>\n\n\n\n<p>Klaus Peters: Die neue Autonomie in der Arbeit. Informationen zur Angestelltenpolitik 5\/1997. DGB-Bundesvorstand. <\/p>\n","protected":false},"excerpt":{"rendered":"<p>Klaus Peters, Indirekte Steuerung und interessierte Selbstgef\u00e4hrdung. Pr\u00e4sentation von der PARGEMA-Abschlu\u00dftagung. 2009. Klaus Peters, Fallbeispiel Atlasbank. Indirekte Steuerung und interessierte Selbstgef\u00e4hrdung im Finanzdienstleistungsbereich. Pr\u00e4sentation von der PARGEMA-Abschlu\u00dftagung. 2009. Gerd Peter, Hg.; Grenzkonflikte der Arbeit. Die Herausbildung einer neuen europ\u00e4ischen Arbeitspolitik. [&hellip;]<\/p>\n","protected":false},"author":1,"featured_media":0,"parent":0,"menu_order":5,"comment_status":"closed","ping_status":"closed","template":"","meta":{"footnotes":""},"class_list":["post-29","page","type-page","status-publish","hentry"],"_links":{"self":[{"href":"https:\/\/cogito-institut.de\/index.php?rest_route=\/wp\/v2\/pages\/29","targetHints":{"allow":["GET"]}}],"collection":[{"href":"https:\/\/cogito-institut.de\/index.php?rest_route=\/wp\/v2\/pages"}],"about":[{"href":"https:\/\/cogito-institut.de\/index.php?rest_route=\/wp\/v2\/types\/page"}],"author":[{"embeddable":true,"href":"https:\/\/cogito-institut.de\/index.php?rest_route=\/wp\/v2\/users\/1"}],"replies":[{"embeddable":true,"href":"https:\/\/cogito-institut.de\/index.php?rest_route=%2Fwp%2Fv2%2Fcomments&post=29"}],"version-history":[{"count":10,"href":"https:\/\/cogito-institut.de\/index.php?rest_route=\/wp\/v2\/pages\/29\/revisions"}],"predecessor-version":[{"id":592,"href":"https:\/\/cogito-institut.de\/index.php?rest_route=\/wp\/v2\/pages\/29\/revisions\/592"}],"wp:attachment":[{"href":"https:\/\/cogito-institut.de\/index.php?rest_route=%2Fwp%2Fv2%2Fmedia&parent=29"}],"curies":[{"name":"wp","href":"https:\/\/api.w.org\/{rel}","templated":true}]}}