{"id":2,"date":"2016-05-10T03:48:21","date_gmt":"2016-05-10T03:48:21","guid":{"rendered":"http:\/\/cogito-institut.eu\/?page_id=2"},"modified":"2025-08-18T11:27:56","modified_gmt":"2025-08-18T09:27:56","slug":"sample-page","status":"publish","type":"page","link":"https:\/\/cogito-institut.de\/","title":{"rendered":"Selber denken"},"content":{"rendered":"<p>Die Erfinder der modernen Managementtheorien waren der Meinung, dass die Gesellschaft heute eine <strong>Wissensgesellschaft <\/strong>sei. Unserer Meinung nach kommt alles darauf an, eine <strong>Denkgesellschaft <\/strong>daraus zu machen. Das Speichern und Weitergeben von Informationen kann man notfalls den Maschinen \u00fcberlassen, aber Menschen k\u00f6nnen etwas, was Maschinen nicht k\u00f6nnen: <strong>Selber denken.<\/strong> Dieser einfache Unterschied ist im Zeichen der Wissensgesellschaft in Vergessenheit, wenn nicht sogar in Verruf geraten. Wir glauben, dass die Zukunft von diesem Unterschied abh\u00e4ngt, und stellen ihn darum in den Mittelpunkt unserer Arbeit.<\/p>\n<p>Dabei verbinden wir <strong>philosophische <\/strong>Untersuchungen mit <strong>sozialwissenschaftlicher <\/strong>Forschung und beziehen beides auf die <strong>Praxis <\/strong>des Arbeitsalltags. COGITO bringt seit \u00fcber zwanzig Jahren innovative Impulse in die Debatten \u00fcber neue Organisationsformen von Unternehmen. Das COGITO-Institut hat die Theorie der <strong>indirekten Steuerung <\/strong>entwickelt. 2009 haben wir das Konzept der <strong>interessierten Selbstgef\u00e4hrdung <\/strong>zur Diskussion gestellt und entwickeln seitdem praktische Ma\u00dfnahmen f\u00fcr eine betriebliche Gesundheitsf\u00f6rderung, die den Herausforderungen <strong>indirekter Steuerung <\/strong>gewachsen ist.<\/p>\n\n\n<hr class=\"wp-block-separator has-css-opacity\"\/>\n\n\n\n<h5 class=\"wp-block-heading\"><strong>Chronologie<\/strong><\/h5>\n\n\n\n<p><strong>18. September 2025<\/strong>. Vortrag beim Arbeits- und Gesundheitsausschuss der Deutschen Post AG, Bonn. Referentin: <strong>Dr. Lena Marie Wirth<\/strong><\/p>\n\n\n\n<p><strong>2020 &#8211; 2025<\/strong> Pandemie und Suchbewegungen <\/p>\n\n\n\n<p><strong>12. M\u00e4rz 2020<\/strong>. Denkwerkstatt im Rahmen des BMBF-Projekts SOdA f\u00fcr Mitarbeiter*innen von GEWES in Stadtilm. Referenten: <strong>Josef Reindl, J\u00f6rg Stadlinger<\/strong>.<\/p>\n\n\n\n<p><strong>6. Februar 2020.<\/strong> Vortrag \u201eModerne Managementmethoden als &nbsp;Herausforderung f\u00fcr den betrieblichen Gesundheitsschutz und die Vertretung von Arbeitnehmerinteressen\u201c, gehalten auf einer Betriebsversammlung der \u201aVolkshochschule Frankfurt am Main\u2018<strong>. <\/strong>Referent:<strong> J\u00f6rg Stadlinger<\/strong>.<\/p>\n\n\n\n<p><strong>30. Januar 2020.<\/strong> Vortrag &#8222;Indirekte Steuerung. Mechanismen, Auswirkungen und  Impulse f\u00fcr die Arbeit von ver.di&#8220; im Rahmen der Hauptamtlichen Tagung von ver.di Fachbereich 3 und 5. Referent*in: <strong>J\u00fcrgen Laimer <\/strong>und <strong>Dr. Lena Marie Wirth<\/strong>. <\/p>\n\n\n\n<p><strong>22. Januar 2020<\/strong>. Vortrag \u201eModerne Managementmethoden und ihre Auswirkungen auf die Arbeitsbedingungen von Besch\u00e4ftigten\u201c, gehalten auf einer Betriebsversammlung des <em>\u201aS<\/em>amariterstifts Grafeneck\u2018 in Gomadingen. Referent: <strong>J\u00f6rg Stadlinger<\/strong>.<\/p>\n\n\n\n<p><strong>Ver\u00f6ffentlichung im BMBF-Projekt prentimo. <\/strong><a href=\"http:\/\/www.prentimo.de\/assets\/Uploads\/prentimo-Broschuere-Screen.pdf\">Praxisbrosch\u00fcre <\/a>&#8222;mobile Arbeit gesund gestalten&#8220;. COGITO-Abschnitt: &#8220; Mobile Arbeit im Spannungsfeld zwischen indirekter Steuerung und interessierter Selbstgef\u00e4hrdung&#8220; (S. 52-61).<\/p>\n\n\n\n<p><strong>28. November 2019.<\/strong> Vortrag auf der Betriebsversammlung der Deutschen Telekom Au\u00dfendienst GMBH, Fieldservice S\u00fcd in Geiselwind. \u201eFreiwillig die eigene Gesundheit riskieren? &#8211; Chancen und Risiken neuer Managementmethoden der Indirekten Steuerung \u2013 Schlussfolgerungen aus dem Projekt prentimo\u201c. Referent:  <strong>J\u00fcrgen Laimer<\/strong>.<\/p>\n\n\n\n<p><strong>27. November 2019.<\/strong> Vortrag auf der Betriebsversammlung der Deutschen Telekom Au\u00dfendienst GMBH, Fieldservice S\u00fcd in Aschheim. \u201eFreiwillig die eigene Gesundheit riskieren? &#8211; Chancen und Risiken neuer Managementmethoden der Indirekten Steuerung \u2013 Schlussfolgerungen aus dem Projekt prentimo\u201c. Referent:  <strong>J\u00fcrgen Laimer<\/strong>.<\/p>\n\n\n\n<p><strong>22. November 2019<\/strong>. Denkwerkstatt im Rahmen des BMBF-Projekts SOdA f\u00fcr Mitarbeiter*innen von Limtronik in Limburg. Referenten: <strong>J\u00fcrgen Laimer, Josef Reindl, J\u00f6rg Stadlinger<\/strong>.<\/p>\n\n\n\n<p><strong>15. Oktober 2019. <\/strong>Vortrag &#8220; Indirekte Steuerung. Mechanismen, Auswirkungen und Impulse f\u00fcr die Arbeit von ver.di&#8220;. ver.di-Seminar im Fachbereich  \u201aGesundheit und Soziales\u2018 in Berlin. Referentin: <strong>Dr. Lena Marie Wirth<\/strong>. <\/p>\n\n\n\n<p><strong>11. Oktober 2019.<\/strong> Vortrag auf dem ver.di GENO Forum 2019  \u201eAktuelle Herausforderungen f\u00fcr Betriebsr\u00e4te der Genossenschaftsbanken\u201c  in G\u00f6ttingen. \u201eFreiwillig die eigene Gesundheit riskieren?\u201c Referent: <strong>J\u00fcrgen Laimer<\/strong>.<\/p>\n\n\n\n<p><strong>13.\/14. September 2019. <\/strong>Dritte Denkwerkstatt  des Kooperationsprojekts ver.di Fachbereich \u201aGesundheit und Soziales\u2018 und COGITO in Kassel. Referent*innen: <strong>Dr. Lena Marie Wirth <\/strong>und <strong>J\u00fcrgen Laimer<\/strong> von COGITO, sowie <strong>Michael Quetting <\/strong>von ver.di. Pr\u00e4sentation der Ergebnisse und Erkenntnisse durch die Teilnehmer*innen.<\/p>\n\n\n\n<p><strong>10.-12. September 2019. <\/strong>Schweizer Soziologentag  in Neuchatel. <strong>Josef Reindl <\/strong>referiert zu: &#8222;<em>Die Grenzen der Digitalisierung sind die Genzen des Organisierens&#8220;<a rel=\"noreferrer noopener\" href=\"https:\/\/cogito-institut.de\/Reindl\/abstract Soziologentag Schweiz 2019.pdf\" target=\"_blank\">[Abstract]<\/a><\/em><\/p>\n\n\n\n<p><strong>5. September 2019. <\/strong>Kongress: \u201aEuropean Nursing Informatics Congress`&nbsp;(ENI)&nbsp;2019 an der Hochschule Flensburg.&nbsp;<strong>Dr. Lena Marie Wirth <\/strong>referiert gemeinsam mit Kolleg*innen zum Thema: <em>\u201eBr\u00fcckenkonstruktionen im Spannungsfeld zwischen IT-Prozessen und Arbeitsdynamik \u2013 Ordnung und Chaos \u2013 im Arbeitsfeld Pflege\u201c<\/em>.<\/p>\n\n\n\n<p><strong>17. Juli 1019.<\/strong> Gesamtbetriebsrat der Deutsche Telekom Au\u00dfendienst GmbH, Bonn. <strong>J\u00fcrgen Laimer<\/strong> stellt dem Gesamtbetriebsrat und Vertretern der Unternehmensleitung die Ergebnisse des Forschungsprojektes prentimo (Pr\u00e4ventionsorientierte Gestaltung mobiler Arbeit) vor. <\/p>\n\n\n\n<p><strong>16. Juli 2019. <\/strong>Universit\u00e4t Frankfurt. Gemeinsame Tagung des Projekts ReProNa und der Europ\u00e4ischen Akademie der Arbeit (EAdA): &#8222;PROJEKTARBEIT IN DER INDUSTRIE &#8211;  AUTONOM &#8211; AGIL \u2013 RISKANT&#8220;.  COGITO-Referenten: <strong>J\u00f6rg Stadlinger <\/strong>und <strong>Josef Reindl<\/strong>. [<a rel=\"noreferrer noopener\" href=\"http:\/\/test.cogito-institut.eu\/wp-content\/uploads\/2019\/04\/Flyer_ReProNa_Tagung.pdf\" target=\"_blank\">Flyer mit Tagungsprogramm<\/a>]   <\/p>\n\n\n\n<p><strong>14.\/15. Juni 2019.<\/strong> Zweite Denkwerkstatt des Kooperationsprojekts ver.di Fachbereich \u201aGesundheit und Soziales\u2018 und COGITO in Kassel. Referenten: <strong>Dr. Lena Marie Wirth <\/strong>und <strong>J\u00fcrgen Laimer<\/strong> von COGITO, sowie <strong>Michael Quetting <\/strong>von ver.di. <a href=\"http:\/\/cogito-institut.de\/?page_id=476\">N\u00e4heres hier.<\/a><\/p>\n\n\n\n<p><strong>4. Juni 2019. <\/strong>Betriebsversammlung DEUTSCHE TELEKOM SERVICES EUROPE AG, K\u00f6ln. <strong>J\u00fcrgen Laimer <\/strong>referierte zum Thema: \u201eArbeiten ohne Ende &#8211; freiwillig die eigene Gesundheit riskieren? &#8211; Chancen und Risiken der Indirekten Steuerung\u201c<\/p>\n\n\n\n<p><strong>22. Mai 2019 <\/strong>im Wissenschaftspark Gelsenkirchen. Tagung: &#8218;Digitalisierung der Arbeit im Gesundheits- und Sozialsektor&#8216;. <strong>Dr. Lena Marie Wirth<\/strong> referierte  gemeinsam mit Kolleg*innen  zum Thema: &#8222;<em>Die PS auf die Stra\u00dfe bringen\u201c \u2013 Neue Technologien und indirekte Steuerungsmechanismen.<\/em><\/p>\n\n\n\n<p><strong>16. Mai 2019. <\/strong>Arbeitstreffen des SOdA-Projekts beim Institut f\u00fcr sozialwissenschaftliche Forschung in M\u00fcnchen. COGITO-Teilnehmer: <strong>Josef Reindl und J\u00f6rg Stadlinger<\/strong>.<\/p>\n\n\n\n<p><strong>10. Mai 2019. <\/strong>Jahrestagung des ver.di-Fachbereichs f\u00fcr Postdienste, Speditionen und Logistik in Visselh\u00f6vede. Referent: <strong>Dr. Klaus Peters.<\/strong><\/p>\n\n\n\n<p><strong>18. April 2019. <\/strong>Denkwerkstatt zur  Klausurtagung des Personalrats der ErzgebirgsSparkasse  in Annaberg-Buchholz: \u201eArbeiten ohne Ende &#8211; freiwillig die eigene Gesundheit riskieren?\u201c Referent: <strong>J\u00fcrgen Laimer<\/strong>.  <\/p>\n\n\n<div class=\"wp-block-image\">\n<figure class=\"alignright is-resized\"><img loading=\"lazy\" decoding=\"async\" src=\"http:\/\/test.cogito-institut.eu\/wp-content\/uploads\/2019\/04\/verdi-2.png\" alt=\"\" class=\"wp-image-409\" width=\"50\" height=\"50\" srcset=\"https:\/\/cogito-institut.de\/wp-content\/uploads\/2019\/04\/verdi-2.png 200w, https:\/\/cogito-institut.de\/wp-content\/uploads\/2019\/04\/verdi-2-150x150.png 150w\" sizes=\"auto, (max-width: 50px) 100vw, 50px\" \/><\/figure>\n<\/div>\n\n\n<p><strong>12.\/13. April 2019.<\/strong> Das Kooperationsprojekt ver.di Fachbereich &#8218;Gesundheit und Soziales&#8216; und COGITO geht mit dem ersten zweit\u00e4gigen Workshop in Kassel an den Start. Referenten: <strong> Dr. Lena Marie Wirth  und J\u00fcrgen Laimer<\/strong> von COGITO, sowie <strong>Michael Quetting <\/strong>von ver.di. <a href=\"http:\/\/cogito-institut.de\/?page_id=476\">N\u00e4heres hier.<\/a> <\/p>\n\n\n<div class=\"wp-block-image\">\n<figure class=\"alignright is-resized\"><img loading=\"lazy\" decoding=\"async\" src=\"http:\/\/test.cogito-institut.eu\/wp-content\/uploads\/2019\/04\/soda-logo-2.png\" alt=\"\" class=\"wp-image-360\" width=\"53\" height=\"28\" srcset=\"https:\/\/cogito-institut.de\/wp-content\/uploads\/2019\/04\/soda-logo-2.png 560w, https:\/\/cogito-institut.de\/wp-content\/uploads\/2019\/04\/soda-logo-2-300x158.png 300w\" sizes=\"auto, (max-width: 53px) 100vw, 53px\" \/><\/figure>\n<\/div>\n\n\n<p><strong>9. April 2019<\/strong>. Innovationswerkstatt des Forschungsprojekts SOdA beim Projektpartner <strong>Limtronik<\/strong> in Limburg mit Feedbacks zu den bisherigen Projektergebnissen  sowie zur Planung der weiteren Gestaltung im Unternehmen. Referenten: <strong>Josef Reindl, Dipl.-Soz. und J\u00f6rg Stadlinger<\/strong>.<\/p>\n\n\n\n<p><\/p>\n","protected":false},"excerpt":{"rendered":"<p>Die Erfinder der modernen Managementtheorien waren der Meinung, dass die Gesellschaft heute eine Wissensgesellschaft sei. Unserer Meinung nach kommt alles darauf an, eine Denkgesellschaft daraus zu machen. Das Speichern und Weitergeben von Informationen kann man notfalls den Maschinen \u00fcberlassen, aber [&hellip;]<\/p>\n","protected":false},"author":1,"featured_media":0,"parent":0,"menu_order":0,"comment_status":"closed","ping_status":"open","template":"","meta":{"footnotes":""},"class_list":["post-2","page","type-page","status-publish","hentry"],"_links":{"self":[{"href":"https:\/\/cogito-institut.de\/index.php?rest_route=\/wp\/v2\/pages\/2","targetHints":{"allow":["GET"]}}],"collection":[{"href":"https:\/\/cogito-institut.de\/index.php?rest_route=\/wp\/v2\/pages"}],"about":[{"href":"https:\/\/cogito-institut.de\/index.php?rest_route=\/wp\/v2\/types\/page"}],"author":[{"embeddable":true,"href":"https:\/\/cogito-institut.de\/index.php?rest_route=\/wp\/v2\/users\/1"}],"replies":[{"embeddable":true,"href":"https:\/\/cogito-institut.de\/index.php?rest_route=%2Fwp%2Fv2%2Fcomments&post=2"}],"version-history":[{"count":199,"href":"https:\/\/cogito-institut.de\/index.php?rest_route=\/wp\/v2\/pages\/2\/revisions"}],"predecessor-version":[{"id":928,"href":"https:\/\/cogito-institut.de\/index.php?rest_route=\/wp\/v2\/pages\/2\/revisions\/928"}],"wp:attachment":[{"href":"https:\/\/cogito-institut.de\/index.php?rest_route=%2Fwp%2Fv2%2Fmedia&parent=2"}],"curies":[{"name":"wp","href":"https:\/\/api.w.org\/{rel}","templated":true}]}}