{"id":11,"date":"2019-04-17T07:12:22","date_gmt":"2019-04-17T05:12:22","guid":{"rendered":"http:\/\/cogito-institut.eu\/start\/?page_id=11"},"modified":"2026-01-04T11:13:58","modified_gmt":"2026-01-04T10:13:58","slug":"start","status":"publish","type":"page","link":"https:\/\/cogito-institut.de\/?page_id=11","title":{"rendered":"Kontakt"},"content":{"rendered":"\n<figure class=\"wp-block-table\"><table><tbody><tr><td><strong>J\u00fcrgen Laimer<\/strong><br>0151-1535 6607<br><a href=\"laimer@cogito-institut.de\">laimer@cogito-institut.de<\/a><\/td><td><strong>Dr. Klaus Peters<\/strong><br><a href=\"peters@cogito-institut.de\">peters@cogito-institut.de<\/a> <br><a href=\"mailto:box@klauspeters.de\">box@klauspeters.de<\/a> <em>(proton)<\/em><\/td><td><strong>Josef Reindl, Dipl.-Soz.<\/strong><br>0173-7366 394<br><a href=\"reindl@cogito-institut.de\">reindl@cogito-institut.de<\/a><br><\/td><\/tr><tr><td><strong>J\u00f6rg Stadlinger<\/strong> <br>0152-2878 6706<br><a href=\"mailto:stadlinger@cogito-institut.de\">stadlinger@cogito-institut.de<\/a> <br><\/td><td><strong>Dr. Lena Marie Wirth<\/strong><br>0179-6746 115<br><a href=\"mailto:wirth@cogito-institut.de\">wirth@cogito-institut.de<\/a>  <br><\/td><td>  <br><a href=\"mailto:peters@cogito-institut.de\"><\/a>  <\/td><\/tr><tr><td> <strong>COGITO  Institut f\u00fcr <\/strong><br><strong>Autonomieforschung <\/strong><br>Venloer Str. 287<br>50823 K\u00f6ln <br>0 221 589-2945 B\u00fcro<br>0 221 589-19697 Fax<br><a href=\"mailto:box@cogito-institut.de\">box@cogito-institut.de<\/a> <\/td><td><\/td><td><\/td><\/tr><\/tbody><\/table><\/figure>\n","protected":false},"excerpt":{"rendered":"<p>J\u00fcrgen Laimer0151-1535 6607laimer@cogito-institut.de Dr. Klaus Peterspeters@cogito-institut.de box@klauspeters.de (proton) Josef Reindl, Dipl.-Soz.0173-7366 394reindl@cogito-institut.de J\u00f6rg Stadlinger 0152-2878 6706stadlinger@cogito-institut.de Dr. Lena Marie Wirth0179-6746 115wirth@cogito-institut.de COGITO Institut f\u00fcr Autonomieforschung Venloer Str. 28750823 K\u00f6ln 0 221 589-2945 B\u00fcro0 221 589-19697 Faxbox@cogito-institut.de<\/p>\n","protected":false},"author":1,"featured_media":0,"parent":0,"menu_order":0,"comment_status":"closed","ping_status":"closed","template":"","meta":{"footnotes":""},"class_list":["post-11","page","type-page","status-publish","hentry"],"_links":{"self":[{"href":"https:\/\/cogito-institut.de\/index.php?rest_route=\/wp\/v2\/pages\/11","targetHints":{"allow":["GET"]}}],"collection":[{"href":"https:\/\/cogito-institut.de\/index.php?rest_route=\/wp\/v2\/pages"}],"about":[{"href":"https:\/\/cogito-institut.de\/index.php?rest_route=\/wp\/v2\/types\/page"}],"author":[{"embeddable":true,"href":"https:\/\/cogito-institut.de\/index.php?rest_route=\/wp\/v2\/users\/1"}],"replies":[{"embeddable":true,"href":"https:\/\/cogito-institut.de\/index.php?rest_route=%2Fwp%2Fv2%2Fcomments&post=11"}],"version-history":[{"count":33,"href":"https:\/\/cogito-institut.de\/index.php?rest_route=\/wp\/v2\/pages\/11\/revisions"}],"predecessor-version":[{"id":948,"href":"https:\/\/cogito-institut.de\/index.php?rest_route=\/wp\/v2\/pages\/11\/revisions\/948"}],"wp:attachment":[{"href":"https:\/\/cogito-institut.de\/index.php?rest_route=%2Fwp%2Fv2%2Fmedia&parent=11"}],"curies":[{"name":"wp","href":"https:\/\/api.w.org\/{rel}","templated":true}]}}