{"id":106,"date":"2019-04-17T15:53:46","date_gmt":"2019-04-17T13:53:46","guid":{"rendered":"http:\/\/test.cogito-institut.eu\/?page_id=106"},"modified":"2019-07-10T06:48:00","modified_gmt":"2019-07-10T04:48:00","slug":"reindl","status":"publish","type":"page","link":"https:\/\/cogito-institut.de\/?page_id=106","title":{"rendered":"Reindl"},"content":{"rendered":"\n<h4 class=\"wp-block-heading\">Dip. Soz. Josef Reindl &#8211; Literaturverzeichnis<\/h4>\n\n\n\n<p> <br><strong>A. COGITO-Publikationen<\/strong> <\/p>\n\n\n\n<p><em>COGITO-Publikationen sind bei der  Deutschen Nationalbibliothek  (DNB) registriert und hinterlegt und k\u00f6nnen  unter Angabe ihrer URN  seitengenau zitiert werden (<a href=\"https:\/\/portal.dnb.de\/opac.htm?method=showPreviousResultSite&amp;currentResultId=urn%3Anbn%3Ade%3A0282%26any&amp;currentPosition=10\" target=\"_blank\" rel=\"noreferrer noopener\" aria-label=\"siehe DNB-Katalog (\u00f6ffnet in neuem Tab)\">siehe DNB-Katalog<\/a>)<\/em>. <\/p>\n\n\n\n<p>Josef Reindl, 2019: <strong><a rel=\"noreferrer noopener\" aria-label=\" (\u00f6ffnet in neuem Tab)\" href=\"https:\/\/cogito-institut.de\/Reindl\/2019b_Agilitaet und Ohnmacht.pdf\" target=\"_blank\">Zwischen Agilit\u00e4t und Ohnmacht. Zur Psychopathologie des digitalen Kapitalismus.<\/a> <\/strong>K\u00f6ln: COGITO Institut f\u00fcr Autonomieforschung e.V. [ urn:nbn:de:0282-20190521202311716-2748666-4 ]<br><em>Katalog:  <a href=\"http:\/\/d-nb.info\/1186764619\" target=\"_blank\" rel=\"noreferrer noopener\" aria-label=\" (\u00f6ffnet in neuem Tab)\">http:\/\/d-nb.info\/1186764619<\/a>                     <\/em><br>Erscheint in:<br>Reindl, J. (2019): Zwischen Agilit\u00e4t und Ohnmacht. Zur Psychopathologie des digitalen Kapitalismus. In: Psychologie &amp; Gesellschaftskritik. <\/p>\n\n\n\n<p>Josef Reindl, 2019: <strong><a href=\"https:\/\/cogito-institut.de\/Reindl\/2019_SchoeneDigitaleWelt.pdf\" target=\"_blank\" rel=\"noreferrer noopener\" aria-label=\" (\u00f6ffnet in neuem Tab)\">Sch\u00f6ne neue digitale Welt \u2013 Autonomie und\/oder Kontrolle<\/a><\/strong>. K\u00f6ln: COGITO Institut f\u00fcr Autonomieforschung e.V. [urn:nbn:de:0282-20190520204946359-8801875-6]<br><em>Katalog:  <a rel=\"noreferrer noopener\" aria-label=\" (\u00f6ffnet in neuem Tab)\" href=\"http:\/\/d-nb.info\/118668271X\" target=\"_blank\">http:\/\/d-nb.info\/118668271X<\/a><\/em><br>Zuerst ver\u00f6ffentlicht in: Saarbr\u00fccker Hefte 119\/120<\/p>\n\n\n\n<p><strong>B. Liste anderer Ver\u00f6ffentlichungen<\/strong> <\/p>\n\n\n\n<p>Reindl,J. (2019): Zwischen Agilit\u00e4t und Ohnmacht. Zur Psychopathologie\ndes digitalen Kapitalismus. In: Psychologie &amp; Gesellschaftskritik. Im\nErscheinen.<\/p>\n\n\n\n<p>Kotthoff, H., Reindl, J. (2019): Die soziale Welt kleiner Betriebe.\nWirtschaften, Arbeiten und Leben&nbsp; im\nmittelst\u00e4ndischen Industriebetrieb. 2. Auflage. Wiesbaden<\/p>\n\n\n\n<p>Reindl, J. (2015): Das Elend (mit) der Industriekultur. In: Saarbr\u00fccker\nHefte 112<\/p>\n\n\n\n<p>Reindl, J. (2012): Paradoxe Freiheit, gest\u00f6rter Sinn. Verstehende\nPr\u00e4vention in der modernen Arbeitswelt. Berlin<\/p>\n\n\n\n<p>Reindl, J. (2011): Gesundheitsnetzwerke. Ein Leitfaden f\u00fcr Klein- und\nMittelbetriebe. Hg: INQA. Dortmund <\/p>\n\n\n\n<p>Reindl, J. (2011): Die Dekonstruktion des Alters. Eine Kritik der\nkonstruktivistischen Altersforschung. In: Bieber, D. (Hg): Sorgenkind\ndemographischer Wandel? Warum die Demographie nicht an allem schuld ist.\nM\u00fcnchen<\/p>\n\n\n\n<p>Reindl; J. (2010): L\u2019 abolition du vieillissement. In&nbsp;: Variations 13\/14 (<a href=\"http:\/\/www.theoriecritique.com\/\"><em>www.theoriecritique.com<\/em><\/a>)<\/p>\n\n\n\n<p>Reindl, J. (2010)&nbsp;: Depression. Eine Zeitgenossin. In: Saarbr\u00fccker\nHefte 103<\/p>\n\n\n\n<p>Reindl, J. (2010): Innovationsfuror und Altersweisheit. Warum der\ndemographische Wandel ein Gl\u00fcck f\u00fcr unsere Gesellschaft sein kann. In:\nDenk-doch-mal. Onlinemagazin f\u00fcr Arbeit-Bildung-Gesellschaft. Nr. 4 (<a href=\"http:\/\/www.denk-doch-mal.de\/\"><em>www.denk-doch-mal.de<\/em><\/a>)<\/p>\n\n\n\n<p>Reindl, J. (2010):\nVernetzt Euch \u2013 aber von unten! In: Dokumentation der Abschluss-Tagung des\nProjektes PARSAG (<a href=\"http:\/\/www.parsag.de\/fileadmin\/template\/main\/imagines\/bilder\/Reindl_Vortrag_PARSAG.pdf\"><em>www.parsag.de\/fileadmin\/template\/main\/imagines\/bilder\/Reindl_Vortrag_PARSAG.pdf<\/em><\/a>)<\/p>\n\n\n\n<p>Reindl, J., K\u00f6chling, A.:\n(2010) Lebenslang gesund arbeiten \u2013 demographieorientierte Pr\u00e4ventionskonzepte.\nIn: Gesundheitsf\u00f6rderung im demographischen Wandel. Brosch\u00fcre der gleichnamigen\nFokusgruppe. Aachen<\/p>\n\n\n\n<p>Reindl, J. (2010):\nPr\u00e4vention weiterdenken. In: Dokumentation des 5. Deutschen Arbeitsschutzforums\nDresden<\/p>\n\n\n\n<p>Reindl, J. (2010): Die\nAbschaffung des Alters. In: Bioskop. Zeitschrift zur Beobachtung der Biowissenschaften.\nNr. 52<\/p>\n\n\n\n<p>Reindl, J. (2010): Die\nArbeitswelt im Brennpunkt des demographischen Wandels: kulturelle, soziale und\narbeitspolitische Herausforderungen. In: Parlamentarische Linke der\nSPD-Bundestagsfraktion (Hg): Die Chancen des demographischen Wandels nutzen \u2013\nAns\u00e4tze zu einer Erneuerung gesellschaftlicher Solidarit\u00e4t. Berlin<\/p>\n\n\n\n<p>Reindl, J (2009): Die Abschaffung des Alters. Eine Kritik des\noptimistischen Alternsparadigmas.<\/p>\n\n\n\n<p>&nbsp;&nbsp;&nbsp;&nbsp;&nbsp;&nbsp;&nbsp;&nbsp;&nbsp;&nbsp;&nbsp; In: Leviathan 2, S.\n161-172&nbsp;&nbsp;&nbsp;&nbsp;&nbsp;&nbsp; <\/p>\n\n\n\n<p>Reindl, J.(2008): Der innovative \u00c4ltere in der Softwareproduktion und -beratung.\nIn: KIBNET-<\/p>\n\n\n\n<p>&nbsp;&nbsp;&nbsp;&nbsp;&nbsp;&nbsp;&nbsp;&nbsp;&nbsp;&nbsp; Tagungsreader \u2026\u2026.<\/p>\n\n\n\n<p>Reindl, J (2008): Der innovative \u00c4ltere \u2013 Ergebnisse einer Aktuellen\nStudie. In: LASA (Hg): Do-&nbsp;&nbsp;&nbsp; <\/p>\n\n\n\n<p>&nbsp;&nbsp;&nbsp;&nbsp;&nbsp;&nbsp;&nbsp;&nbsp;&nbsp;&nbsp; kumentation des Forums\n\u00c4ltere und Arbeit. Potsdam<\/p>\n\n\n\n<p>Reindl, J. (2008): Die Rationalit\u00e4t der Altersdiskriminierung oder die\nblinden Flecken der <\/p>\n\n\n\n<p>&nbsp;&nbsp;&nbsp;&nbsp;&nbsp;&nbsp;&nbsp;&nbsp;&nbsp;&nbsp; Mikro\u00f6konomie. In\nZeitschrift f\u00fcr Personalforschung, Heft 3<\/p>\n\n\n\n<p>Reindl, J. u.a. (2008): Vernetzte Gesundheit. Der Aufbau regionaler\nUnterst\u00fctzungsstrukturen <\/p>\n\n\n\n<p>&nbsp;&nbsp;&nbsp;&nbsp;&nbsp;&nbsp;&nbsp;&nbsp;&nbsp;&nbsp; f\u00fcr kleine und\nmittlere Betriebe. Berlin 2008 <\/p>\n\n\n\n<p>Reindl, J. u.a. (2008): Fit f\u00fcr den demographischen Wandel \u2013 Unternehmen\nmit Netzwerken <\/p>\n\n\n\n<p>&nbsp;&nbsp;&nbsp;&nbsp;&nbsp;&nbsp;&nbsp;&nbsp;&nbsp;&nbsp; besser unterst\u00fctzen.\nHandlungsleitfaden f\u00fcr betriebliche und \u00fcberbetriebliche Akteure <\/p>\n\n\n\n<p>&nbsp;&nbsp;&nbsp;&nbsp;&nbsp;&nbsp;&nbsp;&nbsp;&nbsp;&nbsp; des Arbeits- und\nGesundheitsschutzes. G\u00fctersloh <\/p>\n\n\n\n<p>Reindl; J. (2007): Wird das Saarland kommunistisch? Die politischen\nPerspektiven eines Auf-<\/p>\n\n\n\n<p>&nbsp;&nbsp;&nbsp;&nbsp;&nbsp;&nbsp;&nbsp;&nbsp;&nbsp;&nbsp; steigerlandes.\nIn:&nbsp; Saarbr\u00fccker Hefte <\/p>\n\n\n\n<p>Reindl, J. (2007): Der innovative \u00c4ltere. Warum \u00e4ltere Fachkr\u00e4fte ein\nGewinn f\u00fcr die Unterneh-&nbsp; <\/p>\n\n\n\n<p>&nbsp;&nbsp;&nbsp;&nbsp;&nbsp;&nbsp;&nbsp;&nbsp;&nbsp;&nbsp; men sind. In:\nVDMA-Mitteilungen 1172007, S. 55 ff.<\/p>\n\n\n\n<p>Reindl, J. (2007): F\u00fchrung ist unm\u00f6glich\u2026.und\nunverzichtbar. Die Paradoxien moderner F\u00fchrung. In: Verdi: Dokumentation des 4.\nPotsdamer Forums f\u00fcr F\u00fchrungskr\u00e4fte im \u00d6ffentlichen Dienst. Berlin<\/p>\n\n\n\n<p>Reindl,\nJ. (2007): Invecchiare e tutelare la propria salute all\u2019interno dell\u2019impresa\ncapitalistica. Una\ncontraddizione in termini?&nbsp; Vortrag auf\nder Tagung \u201cPiu Esperienza, Piu Competenza\u201c am 9. Mai 2007 in Turin<\/p>\n\n\n\n<p>Grewer, G. Matth\u00e4i, I. u J. Reindl (2007): Der\ninnovative \u00c4ltere. Warum die Entwickleruhr l\u00e4nger als sieben Jahre tickt.\nM\u00fcnchen und Mering<\/p>\n\n\n\n<p>Reindl, Josef (2006): Realite des petites enterprises\net projet neoliberal: le cas de l\u2019Allemagne. In: dares-DRT (Hg): Le dialogue\nsocial dans les petites entrepises, Paris<\/p>\n\n\n\n<p>Reindl, Josef (2006): Clusterphantasien. Wie sich eine\nRegion um den Verstand bringt. In: Saarbr\u00fccker Hefte <\/p>\n\n\n\n<p>Reindl, Josef (2006): Auswirkungen des demographischen\nWandels auf die Rolle von F\u00fchrungskr\u00e4ften im \u00d6ffentlichen Dienst. In: BMI,\nBertelsmann-Stiftung (Hg): Demographie als Chance: Personalmanagement im\n\u00f6ffentlichen Sektor, G\u00fctersloh<\/p>\n\n\n\n<p>Reindl,\nJosef (2006): Konsequenzen des demographischen Wandels f\u00fcr das Handwerk. In:\nZDH, Bertelsmann Stiftung (Hg): Strategien f\u00fcr ein zukunftsf\u00e4higes Handwerk, Berlin\/G\u00fctersloh<\/p>\n\n\n\n<p>K\u00f6chling,\nA., Reindl, J., Weber, B. (2005): Demographischer Wandel \u2013 (k)ein Problem! Hg:\nBMBF, Berlin<\/p>\n\n\n\n<p>Reindl, Josef (2004): Die\nschrillen Verhei\u00dfungen des Customer Care. In: Die Mitbestimmung 12<\/p>\n\n\n\n<p>Reindl, Josef; C. Feller; M. Morschh\u00e4user, A. Huber\n(2004): F\u00fcr immer jung? Wie Unterneh-<\/p>\n\n\n\n<p>&nbsp;&nbsp;&nbsp;&nbsp;&nbsp;&nbsp;&nbsp;&nbsp;&nbsp; men des\nMaschinenbaus dem demographischen Wandel begegnen, Frankfurt<\/p>\n\n\n\n<p>Reindl, Josef (2003):\nGesundheitskompetenz: Selbsttechnik oder sozial eingehegte Selbstsorge. In:\nKompetenzentwicklung 2003<\/p>\n\n\n\n<p>Reindl, Josef (2003): Die\nzwei Leben des Oskar Lafontaine. In: Saarbr\u00fccker Hefte\u2026..<\/p>\n\n\n\n<p>Reindl, Josef (2003): Industrielle Distrikte oder\nBranchencluster? Warum das baden-w\u00fcrttembergische Produktionsmodell dem\ntoskanischen \u00fcberlegen ist, in: ISO-Mitteilungen 1\/April 2003, Saarbr\u00fccken, und\nLeviathan 2\/2003 <\/p>\n\n\n\n<p>Grewer, Hans G\u00fcnter\/Josef Reindl (2003): \u201eAllein auf\nSystemgesch\u00e4ft und Dienstleistungen zu setzen ist dummes Zeug\u201c \u2013 Der deutsche\nMaschinenbau zwischen Sachgut- und Dienstleistungsorientierung, in: Sauer, D.\nu.a. (Hg): Moderne Dienstleistungsarbeit. Mythos und Realit\u00e4t, Berlin <\/p>\n\n\n\n<p>Reindl, Josef (2002): Vom Produzenten zum Dienstleister:\nIrrweg oder Perspektive, In: Leviathan, 1\/2002, und in: Sauer, D. (Hg):\nDienst-Leistung(s)-Arbeit. Kundenorientierung und Leistung in der terti\u00e4ren\nOrganisation, M\u00fcnchen<\/p>\n\n\n\n<p>Reindl, Josef (2002): Das Wachstum industrieller\nDienstleistungen \u2013 Dienst am Kunden oder \u201eAmerikanisierung\u201c der Produktion? In:\nWSI-Mitteilungen 9\/2002<\/p>\n\n\n\n<p>Reindl,\nJosef (2002): Arbeit und Qualifikation bei unternehmensbezogenen\nDienstleistungen. &nbsp;&nbsp;Vortrag auf dem\nDienstleistungskongress in Hannover<\/p>\n\n\n\n<p>Reindl,\nJosef (2001): Scheinselbst\u00e4ndigkeit. In: Journal Arbeit Nr. 1\/2001<\/p>\n\n\n\n<p>Reindl, Josef (2001):\n\u00dcber Schein oder Sein der Selbst\u00e4ndigen. In: Frankfurter Rundschau, Dokumentation\nvom 28.04.2001<\/p>\n\n\n\n<p>Reindl, Josef (2001):\nDie Scheinselbst\u00e4ndigen. In: Zuk\u00fcnfte 34, Zeitschrift f\u00fcr Zukunftsgestaltung\n&amp;Vernetztes Denken <\/p>\n\n\n\n<p>Reindl, Josef (2000):\nScheinselbst\u00e4ndigkeit. Ein deutsches Ph\u00e4nomen und ein verkorkster Diskurs. In:\nLeviathan 4\/2000<\/p>\n\n\n\n<p>Grewer, Hans G\u00fcnter\/Josef Reindl unter Mitarbeit von Heiko Breit(2000):\nGeringf\u00fcgige Besch\u00e4ftigung im Saarland. Teil I der Studie \u00fcber Tendenzen zur\nAufl\u00f6sung des Normalarbeitsverh\u00e4ltnisses durch die Zunahme ungesicherter\nBesch\u00e4ftigungsverh\u00e4ltnisse, insbesondere im Dienstleistungssektor. In:\nArbeitskammer des Saarlandes (Hg.): AK-Beitr\u00e4ge Nr. 1, Juni 2000, Saarbr\u00fccken<\/p>\n\n\n\n<p>Grewer, Hans G\u00fcnter\/Josef Reindl unter Mitarbeit von Heiko Breit(2000):\nGeringf\u00fcgig Besch\u00e4ftigte und Scheinselbst\u00e4ndige im Saarland, Teil II der Studie\n\u00fcber Tendenzen zur Aufl\u00f6sung des Normalarbeitsverh\u00e4ltnisses durch die Zunahme\nungesicherter Besch\u00e4ftigungsverh\u00e4ltnisse, Saarbr\u00fccken: Arbeitskammer des Saarlandes<\/p>\n\n\n\n<p>Reindl, Josef (2000):\nIndustrielle Distrikte. In: Heinz, Walter R. u.a. (Hg.): Soziale R\u00e4ume, global\nplayers, lokale \u00d6konomien \u2013 Auf dem Weg in die innovative T\u00e4tigkeitsgesellschaft?,\nM\u00fcnster<\/p>\n\n\n\n<p>Reindl, Josef (2000):\nInnovationsmilieus und das Alter(n) der Technischen Intelligenz. In: K\u00f6chling,\nAnnegret u.a. (Hg.): Innovation und Leistung mit \u00e4lterwerdenden Belegschaften,\nM\u00fcnchen und Mering<\/p>\n\n\n\n<p>K\u00f6chling, A.\/Astor,\nM.\/Fr\u00f6hner, K.-D.\/Hartmann, E.-A.\/Hitzblech, T.\/Jasper, G.\/Reindl, J. (Hg.)\n(2000).: Innovation und Leistung mit \u00e4lterwerdenden Belegschaften, M\u00fcnchen und\nMering <\/p>\n\n\n\n<p>Reindl, Josef (2000):\nInnovationsmilieus und Altern \u2013 empirische Befunde aus innovativen Unternehme.\nIn: Rothkirch, v.Ch. (Hg): Altern und Arbeit: Herausforderung f\u00fcr Wirtschaft\nund Gesellschaft, Berlin<\/p>\n\n\n\n<p>Kotthoff, Hermann\/Josef\nReindl (1999): \u201eFitnesstraining\u201c \u2013 Betriebliche Reorganisation im Saarland,\nSaarbr\u00fccken, Beitr\u00e4ge der Arbeitskammer des Saarlandes Nr. 2\/1999<\/p>\n\n\n\n<p>Grewer,\nHans G\u00fcnter unter Mitarbeit von Josef Reindl (1998): Arbeit und Innovation im Betrieb.\nStudie \u00fcber Wechselwirkungen zwischen betrieblichen Innovationsprozessen und\nArbeit am Beispiel ausgew\u00e4hlter saarl\u00e4ndischer industrieller Unternehmen,\nSaarbr\u00fccken: <em>iso<\/em>-Forschungsbericht<\/p>\n\n\n\n<p>Reindl, Josef (1998): Der Meister im\nKlein- und Mittelbetrieb: Von der Stabilit\u00e4t einer betrieblichen Sozialfigur. In:\nJansen, R. u.a. (Hg.): Facharbeiteraufstieg in der Sackgasse, Berlin<\/p>\n\n\n\n<p>Reindl, Josef (1997): Der\nMeister im industriellen Klein- und Mittelbetrieb. \u00dcber die Modernisierung\neiner betrieblichen Sozialfigur. In: Fuchs-Frohnhofen, P.\/Henning, K. (Hg.):\nDie Zukunft des Meisters in modernen Arbeits- und Produktionskonzepten, Band I\nund II, M\u00fcnchen und Mering<\/p>\n\n\n\n<p>Reindl, Josef\/Achim\n Huber (1997): Der Meister im Klein- und Mittelbetrieb. In: IG\nMetall (Hg.): Industriemeister in neuen Arbeitskonzepten, Frankfurt<\/p>\n\n\n\n<p>Reindl, Josef\n(1997): Atouts et limites des etudes comparatives internationales sur les enterprises.\nIn&nbsp;: Spurk, J. (ed.)&nbsp;: Approche comparative des enterprises en France\net en Allemagne, Paris<\/p>\n\n\n\n<p>Ochs, Peter\/Johannes\nPetrenz\/Josef Reindl (1996): ressource. Handbuch zur arbeitsnahen\nGesundheitsf\u00f6rderung im Betrieb, Saarbr\u00fccken<\/p>\n\n\n\n<p>Reindl, Josef (1995): Von der Treuhand\nzum Transplant. Industriesoziologische Analyse eines Transformationsprozesses.\nIn: Argument 208<\/p>\n\n\n\n<p>Reindl, Josef (1995): Wie Interessen\nvertreten, wenn der Chef kocht? Die soziale Welt kleiner Betriebe. In: Die\nMitbestimmung 2\/95<\/p>\n\n\n\n<p>Reindl, Josef\/Hans G\u00fcnter Grewer (1994): Strukturpolitische Ans\u00e4tze im\nSaarland, Nordrhein-Westfalen und Baden-W\u00fcrttemberg. In: Die Mitbestimmung\n1\/1995 <\/p>\n\n\n\n<p>Reindl, Josef (1993): \u201eMeist werden sie ignoriert und ausgegrenzt\u201c. Psychische Erkrankungen in der Arbeitswelt. In:\nFrankfurter Rundschau vom 23.9.1993, Dokumentation<\/p>\n\n\n\n<p>Reindl, Josef (1993): Standortmythologie, in:\nSaarbr\u00fccker Hefte 69<\/p>\n\n\n\n<p>Kotthoff, Hermann\/Josef Reindl (1990): Die soziale\nWelt kleiner Betriebe. Wirtschaften, Arbeiten und Leben im mittelst\u00e4ndischen\nIndustriebetrieb, G\u00f6ttingen<\/p>\n\n\n\n<p>Horch, Hans\/Josef Reindl (1989): Das Gespenst der\nFreiheit und seine Metamorphosen. F\u00fcr und wider Andre Gorz. In: Leggewie,\nK.\/L.Kr\u00e4mer (Hg): Wege ins Reich der Freiheit, Berlin<\/p>\n\n\n\n<p>Reindl, Josef (1988): Erfahrungen und Verhalten bei\nUnternehmensberatungen. In: Bierbaum, H. u.a. (Hg): Unternehmenspolitik und\nInteressenvertretung, Hamburg<\/p>\n\n\n\n<p>Reindl, Josef (1987): Erfahrungen und Verhalten bei\nUnternehmensberatungen. In: Die Mitbestimmung 4\/1987, D\u00fcsseldorf<\/p>\n\n\n\n<p>Reindl, Josef (1985):&nbsp;\nUnternehmensberatung und Rationalisierung, Saarbr\u00fccken: Arbeitskammer\ndes Saarlands<\/p>\n","protected":false},"excerpt":{"rendered":"<p>Dip. Soz. Josef Reindl &#8211; Literaturverzeichnis A. COGITO-Publikationen COGITO-Publikationen sind bei der Deutschen Nationalbibliothek (DNB) registriert und hinterlegt und k\u00f6nnen unter Angabe ihrer URN seitengenau zitiert werden (siehe DNB-Katalog). Josef Reindl, 2019: Zwischen Agilit\u00e4t und Ohnmacht. Zur Psychopathologie des digitalen [&hellip;]<\/p>\n","protected":false},"author":1,"featured_media":0,"parent":0,"menu_order":0,"comment_status":"closed","ping_status":"closed","template":"","meta":{"footnotes":""},"class_list":["post-106","page","type-page","status-publish","hentry"],"_links":{"self":[{"href":"https:\/\/cogito-institut.de\/index.php?rest_route=\/wp\/v2\/pages\/106","targetHints":{"allow":["GET"]}}],"collection":[{"href":"https:\/\/cogito-institut.de\/index.php?rest_route=\/wp\/v2\/pages"}],"about":[{"href":"https:\/\/cogito-institut.de\/index.php?rest_route=\/wp\/v2\/types\/page"}],"author":[{"embeddable":true,"href":"https:\/\/cogito-institut.de\/index.php?rest_route=\/wp\/v2\/users\/1"}],"replies":[{"embeddable":true,"href":"https:\/\/cogito-institut.de\/index.php?rest_route=%2Fwp%2Fv2%2Fcomments&post=106"}],"version-history":[{"count":20,"href":"https:\/\/cogito-institut.de\/index.php?rest_route=\/wp\/v2\/pages\/106\/revisions"}],"predecessor-version":[{"id":862,"href":"https:\/\/cogito-institut.de\/index.php?rest_route=\/wp\/v2\/pages\/106\/revisions\/862"}],"wp:attachment":[{"href":"https:\/\/cogito-institut.de\/index.php?rest_route=%2Fwp%2Fv2%2Fmedia&parent=106"}],"curies":[{"name":"wp","href":"https:\/\/api.w.org\/{rel}","templated":true}]}}