{"id":103,"date":"2019-04-17T15:53:28","date_gmt":"2019-04-17T13:53:28","guid":{"rendered":"http:\/\/test.cogito-institut.eu\/?page_id=103"},"modified":"2025-08-18T10:47:30","modified_gmt":"2025-08-18T08:47:30","slug":"wirth","status":"publish","type":"page","link":"https:\/\/cogito-institut.de\/?page_id=103","title":{"rendered":"Wirth"},"content":{"rendered":"\n<h4 class=\"wp-block-heading\">Dr. Lena Marie Wirth &#8211; Literaturverzeichnis<\/h4>\n\n\n\n<ul class=\"wp-block-list\"><li>Wirth, L.M., V\u00f6lz, S., Schr\u00f6er, L., Fuchs-Frohnhofen, P., Wallrafen, H., Hintzen, L., Gro\u00dfmann, H., Vinck, L. (2025): <strong>Souver\u00e4ne Arbeitszeitgestaltung im Zusammenspiel von Arbeits- und Versorgungsqualit\u00e4t. <\/strong>In: Fuchs-Frohnhofen, P., Wirth, L.M., Wallrafen, H. Zwischen Souver\u00e4nit\u00e4t und Solidarit\u00e4t: Arbeitszeitgestaltung in der station\u00e4ren Altenpflege \u2013 Ergebnisse aus dem INQA-Projekt Pflege:Zeit. Aachener Reihe Mensch, Arbeit, Technik (ARMAT), Band 3, S. 54-60.<\/li><li>Schr\u00f6er, L., V\u00f6lz, S., Wirth, L.M. (2025). <strong>Die Experimentierraum-Methode als Vorgehensmodell f\u00fcr partizipative Organisationsentwicklung. <\/strong>In: Fuchs-Frohnhofen, P., Wirth, L.M., Wallrafen, H. Zwischen Souver\u00e4nit\u00e4t und Solidarit\u00e4t: Arbeitszeitgestaltung in der station\u00e4ren Altenpflege \u2013 Ergebnisse aus dem INQA-Projekt Pflege:Zeit. Aachener Reihe Mensch, Arbeit, Technik (ARMAT), Band 3, S. 8-17.<\/li><li>Fuchs-Frohnhofen, P. &amp; Wirth, L.M. (2025).<strong> Zwischen Souver\u00e4nit\u00e4t und Solidarit\u00e4t &#8211; flexible Arbeitszeitgestaltung im Pflege:Zeit-Projekt. <\/strong>In: Fuchs-Frohnhofen, P., Wirth, L.M., Wallrafen, H. Zwischen Souver\u00e4nit\u00e4t und Solidarit\u00e4t: Arbeitszeitgestaltung in der station\u00e4ren Altenpflege \u2013 Ergebnisse aus dem INQA-Projekt Pflege:Zeit. Aachener Reihe Mensch, Arbeit, Technik (ARMAT), Band 3, S. 5-7.<\/li><li>Schr\u00f6er, L. &amp; Wirth, L.M. (2025): <strong>Chancen und Risiken flexibler Arbeitszeitgestaltung. <\/strong>Betriebliche Pr\u00e4vention, 2025 (3), 128-132. https:\/\/doi.org\/10.37307\/j.2365-7634.2025.03.07.<\/li><li>Lenzen, J., Sellmann, H. &amp; Wirth, L.M. (2025): <strong>Neugierde, Empowerment und soziale Unterst\u00fctzung. Berufliche Laufbahngestaltung in der Pflege und Einflussm\u00f6glichkeiten durch F\u00fchrungspersonen. <\/strong>Berufsbildung: Zeitschrift f\u00fcr Theorie-Praxis-Dialog, 79 (205).<\/li><li>Evans-Borchers, M., Lange, J., V\u00f6lz, S., Wirth, L.M.( 2025). <strong>Erwerbst\u00e4tigkeit pflegender An- und Zugeh\u00f6riger: Sorgenetzwerke neu gedacht.<\/strong> Schwerpunktheft Sozialer Fortschritt 24 (2\/3), S. 81-82.<\/li><li>Wirth, L.M., Evans-Borchers, M., V\u00f6lz, S., Lange, J. (2025). <strong>Verantwortung darf kein Risiko sein: Vereinbarkeitsperspektiven im Umfeld von Erwerbst\u00e4tigkeit und privaten Sorgeaufgaben. <\/strong>In: Evans-Borchers, M., Lange, J., V\u00f6lz, S., Wirth, L.M. Erwerbst\u00e4tigkeit pflegender An- und Zugeh\u00f6riger: Sorgenetzwerke neu gedacht. Schwerpunktheft Sozialer Fortschritt 24 (2\/3), S. 83-97.<\/li><li>V\u00f6lz, S., Lenzen, J., Wirth, L.M., Hampel, S., von Spee, A., Evans-Borchers, M. (2025). <strong>Vereinbarkeit von Beruf und Pflege im neuen Verantwortungsmix \u2013 Mehr Sicherheit oder neue Ungleichheit?<\/strong> In: Evans-Borchers, M., Lange, J., V\u00f6lz, S., Wirth, L.M. Erwerbst\u00e4tigkeit pflegender An- und Zugeh\u00f6riger: Sorgenetzwerke neu gedacht. Schwerpunktheft Sozialer Fortschritt 24 (2\/3), S. 177-197.<\/li><li>Wirth, L.M., Schr\u00f6er, L., V\u00f6lz, S., Evans-Borchers, M., Becka, D. (2024). <strong>Arbeitszeiten in der Pflege \u2013 eine bunte T\u00fcte voller Regelungen zwischen Flexibilit\u00e4t und Zuverl\u00e4ssigkeit. <\/strong>Forschung aktuell, 12\/2024. https:\/\/doi.org\/10.53190\/fa\/.<\/li><li>Busse, B., Wirth, L.M., Becke, G., Becker-P\u00fclm, L., Jala\u00df, I., Petersen, I., H\u00fclsken-Giesler, M. (2024). <strong>Psychosoziale Gesundheitsrisiken und -ressourcen von Haushaltshilfen im Umfeld von Pflegebed\u00fcrftigkeit. <\/strong>Schriftenreihe Institut Arbeit und Wirtschaft Nr. 42. Institut Arbeit und Wirtschaft, Universit\u00e4t Bremen\/Arbeitnehmerkammer Bremen. Bremen: Universit\u00e4tsdruckerei.<\/li><li>H\u00fclsken-Giesler, M., Teuteberg, F., Arlinghaus, T., Bl\u00e4ser, P., Cordes, J., Hammer, J., Jala\u00df, I., Kaj\u00fcter Rodrigues, P., Kus, K., Ruppert, N., Wirth, L.M. (2024). <strong>Case Management \u2013 Ein Booster f\u00fcr die h\u00e4usliche Pflege? Forschungsergebnisse aus dem Innovationsfondsprojekt \u201eReKo\u201c \u2013 Regionales Pflegekompetenzzentrum. <\/strong>DAK-Gesundheit. Heidelberg: medhochzwei.<\/li><li>Garthaus, M., Hoferichter, J., Behrens, J.L., Wirth, L.M., Paluch, R., Dorniok, D., M\u00fcller, C., H\u00fclsken-Giesler, M. (2024). <strong>Robotische Systeme auf dem Weg in die Praxis.<\/strong> Pflegezeitschrift 77 (9\/2024), S. 56-59. https:\/\/doi.org\/10.1007\/s41906-024-2665-1.<\/li><li>Wirth, L.M., Schr\u00f6er, L. (2024). <strong>Experimentieren ist erw\u00fcnscht! Zeitschrift Altenheim<\/strong> (10), S.18-21.<\/li><li>Schr\u00f6er, L., Wirth, L.M. (2024). <strong>Mentale Erholung im Rahmen flexibler Arbeitszeitgestaltung. <\/strong>Zeitschrift \u201esicher ist sicher\u201c (07\/08), S. 339-345.<\/li><li>Wirth, L.M., Schr\u00f6er, L., Fuchs-Frohnhofen, P., Wallrafen, H., Macana, B., Vinck, L. (2024). <strong>Gelingensbedingungen und Impulse f\u00fcr eine Arbeitszeitgestaltung in der langzeitstation\u00e4ren Pflege. <\/strong>In: Fuchs-Frohnhofen, P. Arbeitszeitgestaltung in der station\u00e4ren Altenpflege \u2013 erste Erkenntnisse aus dem INQA-Projekt Pflege:Zeit. W\u00fcrselen: Verlag MA&amp;T Sell &amp; Partner GmbH, S. 56-58.<\/li><li>Wirth, L. M., Peters, M., Will, N., Tabie, M., Rossol, T., Pfeiffer, N., Wittenberg, T., Behrens, J., Lienenbrink, S., Thron, C. (2024). <strong>A holistic concept for measuring stress factors: Future sensor technologies for outpatient nursing staff and exoskeleton development.<\/strong> Gerontechnology, 23(2), S. 1-1. https:\/\/doi.org\/10.4017\/gt.2024.23.s.1060.opp<\/li><li>Wirth, L. M., Lenzen, J., Sellmann, H. &amp; Krause-Zen\u00df, A. (2024).<strong> &#8222;Warum in die Ferne schweifen,&#8220; \u2026? &#8211; Berufsmobilit\u00e4ten in der Pflege. <\/strong>Forschung Aktuell, 2024 (08). Gelsenkirchen: Institut Arbeit und Technik, Westf\u00e4lische Hochschule Gelsenkirchen Bocholt Recklinghausen. https:\/\/doi.org\/10.53190\/fa\/202408.<\/li><li>Cordes, J., Jala\u00df, I., Wirth, L.M., Bl\u00e4ser, P., Ruppert, N., H\u00fclsken-Giesler, M. (2024). <strong>Case Management im Umfeld von Pflegebed\u00fcrftigkeit und das Belastungserleben pflegender An- und Zugeh\u00f6riger. <\/strong>Pflege 37 (6), S. 297\u2013303. https:\/\/doi.org\/10.1024\/1012-5302\/a001022.<\/li><li>Evans-Borchers, M., Lenzen, J., V\u00f6lz, S. &amp; Wirth, L. M. (2024). &#8222;<strong>Wie gestalten Unternehmen in NRW Vereinbarkeitsstrukturen von Beruf und Pflege?&#8220; <\/strong>Management Summary zur Unternehmensbefragung im Auftrag des &#8222;Servicezentrums Pflegevereinbarkeit NRW&#8220;. Gelsenkirchen: Institut Arbeit und Technik. https:\/\/doi.org\/10.17605\/OSF.IO\/TYJCG.<\/li><li>Cordes, J., Wirth, L.M., Bl\u00e4ser, P., Jala\u00df, I., Ruppert, N., H\u00fclsken-Giesler, M. (2024). <strong>Regionales Case Management-System f\u00fcr pflegende An- und Zugeh\u00f6rige zur Sicherstellung von Sorgenetzwerken. <\/strong>In Lange, J., Evans-Borchers, M., Wirth, L.M., V\u00f6lz, S., H\u00fclsken-Giesler, M. &amp; Finking, G., Vereinbarkeit von Beruf und Pflege. Koordination und Kooperation von Arbeit in Betrieben und Sorgenetzwerken (127 &#8211; 138). Rehburg-Loccum: Evangelische Akademie Loccum.<\/li><li>Lange, J., Evans-Borchers, M., Wirth, L.M., V\u00f6lz, S., H\u00fclsken-Giesler, M., Finking, G. (2024). <strong>Vereinbarkeit von Beruf und Pflege. Koordination und Kooperation von Arbeit in Betrieben und Sorgenetzwerken<\/strong>, 2024 (40). Rehburg-Loccum: Evangelische Akademie Loccum<\/li><li>Wirth, L.M. &amp; H\u00fclsken-Giesler, M. (2024). A<strong>lles eine Frage der Haltung? Pflegefachpersonen im Spannungsfeld von ethischen, technologischen und wirtschaftlichen Anforderungen.<\/strong> In: Schr\u00f6er L., Br\u00e4utigam C., Schmidt C., Evans M., Krankenhausarbeit digital, Betriebliche Digitalisierungsprozesse mitarbeiterorientiert gestalten. Stuttgart: Kohlhammer, S. 106-124.<\/li><li>Jala\u00df, I., Wirth, L.M., Bl\u00e4ser, P., Cordes, J., Ruppert, N., H\u00fclsken-Giesler, M. (2024). <strong>Analyse der regionalen Versorgungsinfrastruktur als Basis f\u00fcr Lern- und Entwicklungsprozesse. <\/strong>Pflege &amp; Gesellschaft 29 (1), S. 42-55.<\/li><li>Bl\u00e4ser, P, Wirth, L.M., Jala\u00df, I., Ruppert, N., Cordes, J., H\u00fclsken-Giesler, M. (2024). <strong>Professionelle pflegerische Bez\u00fcge eines Case Managements im Umfeld von Pflegebed\u00fcrftigkeit.<\/strong> Pflege &amp; Gesellschaft 29 (1), S. 56-69.<\/li><li>Evans, M., Wirth, L.M. (2023). <strong>Transformation von Arbeit: Soziale Dienstleistungen als vergessener Aktivposten im Transformationsdiskurs. <\/strong>Zeitschrift f\u00fcr Sozialistische Politik und Wirtschaft. Heft 257 (4), S. 28-34.<\/li><li>Wirth, L.M., Becke, G., Becker-P\u00fclm, L., Jala\u00df, L., H\u00fclsken-Giesler, M. (2023). <strong>Interaktionsanforderungen haushaltsnaher Dienstleistungen im Umfeld von Pflegebed\u00fcrftigkeit. <\/strong>Berufsbildung, Zeitschrift f\u00fcr Theorie-Praxis-Dialog 77 (4), S. 17-24.<\/li><li>Wirth, L.M., Jala\u00df, L.M., Garthaus, M., H\u00fclsken-Giesler, M. (2023). <strong>Eine Systematisierung neuer Technologien f\u00fcr die Pflege aus pflege- und arbeitswissenschaftlicher Perspektive: \u201eDas TAP-Modell\u201c. <\/strong>Pflege &amp; Gesellschaft 28 (3), S. 275-279.<\/li><li>Ruppert, N., Wirth, L.M., Jala\u00df, I., Bl\u00e4ser, P., H\u00fclsken-Giesler M. (2023). <strong>Auswahlkriterien und Case Finding im Umfeld eines pflegebezogenen Case Management-Ansatzes. <\/strong>Zeitschrift f\u00fcr Case Management 20 (2), S. 92-96.<\/li><li>Wirth, L.M., B\u00fcscher, A., H\u00fclsken-Giesler, M. (2023). <strong>Gesundheitsorientierter Personaleinsatz in der ambulanten Pflege \u2013 mehr Mut zu strukturellen Ver\u00e4nderungen.<\/strong> Pflege und Gesellschaft 28 (2), in Ver\u00f6ffentlichung.<\/li><li>Bl\u00e4ser, P., Wirth, L.M., Jala\u00df, I., Ruppert, N., H\u00fclsken-Giesler, M. (2023). <strong>Case Management im Umfeld von Pflegebed\u00fcrftigkeit \u2013 erste Erkenntnisse aus dem pflegebezogenen ReKo-Case Management. <\/strong>Zeitschrift f\u00fcr Case Management 20 (1), S. 55-60.<\/li><li>R\u00f6sler, U., Ingenfeld, P., Schlicht, L., Melzer, M., Jala\u00df, I., Garthaus, M., Wirth, L.M., H\u00fclsken-Giesler, M. (2023). <strong>Digitalisierungsoptionen f\u00fcr die Pflege. <\/strong>Die Schwester der Pfleger 62 (1), S. 28-30.<\/li><li>Wirth, L. M., Garthaus, M., Jala\u00df, I., R\u00f6sler, U., Schlicht, L., Melzer, M., H\u00fclsken-Giesler, M. (2022). <strong>Kurz- und mittelfristiger Technologieeinsatz in der Pflege.<\/strong> Dortmund: Bundesanstalt f\u00fcr Arbeitsschutz und Arbeitsmedizin. baua: Bericht kompakt.<\/li><li>Wirth, L.M., Ruppert, N., B\u00fcscher, A., H\u00fclsken-Giesler, M. (2022). <strong>Arbeitsschutz und Gesundheitsf\u00f6rderung im Kontext von Personalbemessung in der Pflege: Ein Scoping Review. <\/strong>Pflege 35 (3), S. 177\u2013188.<\/li><li>Wirth, L.M., Jala\u00df I., Ruppert N., B\u00fcscher A., H\u00fclsken-Giesler M. (2022). <strong>Gesundheitsorientierte F\u00fchrung in der Pflege \u2013 Einflussm\u00f6glichkeiten der F\u00fchrungspersonen auf die Gesundheit von Pflegefachpersonen.<\/strong> Pflege &amp; Gesellschaft 27 (4), S. 322-337.<\/li><li>Jala\u00df I., Wirth L. M., Cordes J., Ruppert N., Bl\u00e4ser, P., H\u00fclsken-Giesler M. (2022). <strong>Regionales Pflegekompetenzzentrum \u2013 Innovationsstrategie f\u00fcr die Langzeitversorgung vor Ort (ReKo).<\/strong> Infrastrukturanalyse Interventionsregion ReKo. URL: https:\/\/osnadocs.ub.uni-osnabrueck.de\/handle\/ds-202207147186.<\/li><li>Regionales Kompetenzzentrum Gesamtkonsortium (2022). <strong>Regionale Case Management-Organisation mit digitalem \u00d6kosystem &#8211; Projektbeschreibung Langversion. <\/strong>URL: https:\/\/osnadocs.ub.uni-osnabrueck.de\/handle\/ds-202209197565.<\/li><li>Wirth, L. M., Ruppert, N., B\u00fcscher, A., H\u00fclsken-Giesler, M. (2021). <strong>Gesunde Personalbemessung: Arbeitsschutz und Gesundheitsf\u00f6rderung in Kontexten der systematischen Personalbemessung f\u00fcr die Pflege (GePAG). Abschlussbericht im Auftrag der Berufsgenossenschaft f\u00fcr Gesundheitsdienst und Wohlfahrtspflege (BGW). <\/strong>Osnabr\u00fcck. URL: https:\/\/osnadocs.ub.uni-osnabrueck.de\/handle\/urn:nbn:de:gbv:700-202103234139.<\/li><li>Wirth, L.M., H\u00fclsken-Giesler, M. (2020). <strong>\u201eWenn nicht jetzt, wann dann?\u201c <\/strong>Pflegewissenschaft: Sonderausgabe: Die Corona-Pandemie. HPS Media, Verlag; S. 118-120.<\/li><li>Wirth, L. M., Daxberger, S., Peters, M., H\u00fclsken-Giesler, M. (2020). <strong>Raum f\u00fcr Innovation \u2013 M\u00f6glichkeiten und Begrenzungen der Indirekten Steuerung f\u00fcr innovative Organisationsprozesse in der ambulanten Pflege. <\/strong>In: Pfannstiel, M., Kassel, K., Rasche, K.: Innovationen und Innovationsmanagement im Gesundheitswesen. Wiesbaden: Springer; S. 273-289.<\/li><li>Laimer, L., Peters, K, Wirth, L.M. (2019). <strong>Mobile Arbeit im Spannungsfeld zwischen indirekter Steuerung und interessierter Selbstgef\u00e4hrdung. <\/strong>In: Mobile Arbeit gesund gestalten \u2013 ein Praxishandbuch. Breisig T., Vogl G.; S. 52-61. URL: http:\/\/www.prentimo.de\/assets\/Uploads\/prentimo-Broschuere-Screen.pdf.<\/li><li>Wirth, L. M., Peters, M., Daxberger, S., H\u00fclsken-Giesler, M. (2019). <strong>Verantwortung ohne Bef\u00e4higung \u2013 wie F\u00fchrungs- und Fachkr\u00e4fte in der ambulanten Pflege systematisch \u00fcberfordert werden: Analyse und erste Gestaltungsans\u00e4tze. <\/strong>Zeitschrift f\u00fcr F\u00fchrung und Personalmanagement in der Gesundheitswirtschaft. Jg. 5, Heft 1, S. 53-61. URL: https:\/\/www.hs-neu-ulm.de\/fileadmin\/user_upload\/Forschung\/Kompetenzzentren\/Vernetzte_Gesundheit\/Dateien\/ZFPG_2019_J5_N1_08.pdf.<\/li><li>Wirth, L.M., Daxberger, S., Peters, M., Fifelski, C., H\u00fclsken-Giesler, M., Breisig, T., Hein, A., Brauer, C. (2019). I<strong>ntegrierte Technik- und Arbeitsprozessentwicklung in der ambulanten Pflege: Gestaltungsans\u00e4tze aus dem Projekt ITAGAP f\u00fcr eine verantwortliche und gesunde Pflegearbeit.<\/strong> In: Fuchs-Frohnhofen P., Altmann T., Schulz S., Wirth L.M., Weihrich M. Gestaltungsoptionen f\u00fcr einen zukunftsf\u00e4higen Arbeits- und Gesundheitsschutz im Pflege- und Dienstleistungssektor. Weimar: Bertuch Verlag; S. 29-33.<\/li><li>Daxberger, S., Wirth, L.M., H\u00fclsken-Giesler, M. (2018). <strong>Technikgest\u00fctzte Steuerung von Arbeitsprozessen in der ambulanten Pflege \u2013 eine transdisziplin\u00e4re Betrachtung.<\/strong> Pflegewissenschaft 20 (7-8), S. 27-36.<\/li><li>Breisig, T., Felscher, A., Hein, A., H\u00fclsken-Giesler, M., M\u00f6ller, W., Erbschwendtner, S., Fifelski, C., Gilbert, J., Glunz, L.M., Isken, M. &amp; Siemer, M. (2017). <strong>Gesunde Pflege im Fokus \u2013 Entwicklung von demografiesensiblen, technikunterst\u00fctzten Arbeitsprozessen in der ambulanten Pflegeorganisation \u2013 Das Projekt ITAGAP.<\/strong> In: Fuchs-Frohnhofen, P., Altmann, T., D\u00f6ring, S. Felscher, A., Weihrich, M. (Hg.). Neue Ans\u00e4tze des Arbeits- und Gesundheitsschutzes im Pflege- und Dienstleistungssektor. Weimar: Bertuch Verlag; 19-23.<\/li><li>Glunz, L.M. (2014). <strong>Modell einer individuellen ressourcenorientierten Ver\u00e4nderungsbew\u00e4ltigung. <\/strong>Edewecht: OlWIR Verlag.<\/li><li>Meyer-Truelsen, C., Glunz, L.M., Schulze, H. (2012).<strong> Doppelpass der kulturellen Vielfalt. Von der Konzeptualisierung eines synergetischen Cultural Diversity Managements f\u00fcr den deutschen Profifu\u00dfball.<\/strong> In: Bick C., Brandt G., Eiselt A. Integration im Prozess der Internationalisierung. Oldenburg: BIS-Verlag. S. 173-214.<\/li><\/ul>\n","protected":false},"excerpt":{"rendered":"<p>Dr. Lena Marie Wirth &#8211; Literaturverzeichnis Wirth, L.M., V\u00f6lz, S., Schr\u00f6er, L., Fuchs-Frohnhofen, P., Wallrafen, H., Hintzen, L., Gro\u00dfmann, H., Vinck, L. (2025): Souver\u00e4ne Arbeitszeitgestaltung im Zusammenspiel von Arbeits- und Versorgungsqualit\u00e4t. In: Fuchs-Frohnhofen, P., Wirth, L.M., Wallrafen, H. Zwischen Souver\u00e4nit\u00e4t [&hellip;]<\/p>\n","protected":false},"author":1,"featured_media":0,"parent":0,"menu_order":0,"comment_status":"closed","ping_status":"closed","template":"","meta":{"footnotes":""},"class_list":["post-103","page","type-page","status-publish","hentry"],"_links":{"self":[{"href":"https:\/\/cogito-institut.de\/index.php?rest_route=\/wp\/v2\/pages\/103","targetHints":{"allow":["GET"]}}],"collection":[{"href":"https:\/\/cogito-institut.de\/index.php?rest_route=\/wp\/v2\/pages"}],"about":[{"href":"https:\/\/cogito-institut.de\/index.php?rest_route=\/wp\/v2\/types\/page"}],"author":[{"embeddable":true,"href":"https:\/\/cogito-institut.de\/index.php?rest_route=\/wp\/v2\/users\/1"}],"replies":[{"embeddable":true,"href":"https:\/\/cogito-institut.de\/index.php?rest_route=%2Fwp%2Fv2%2Fcomments&post=103"}],"version-history":[{"count":10,"href":"https:\/\/cogito-institut.de\/index.php?rest_route=\/wp\/v2\/pages\/103\/revisions"}],"predecessor-version":[{"id":925,"href":"https:\/\/cogito-institut.de\/index.php?rest_route=\/wp\/v2\/pages\/103\/revisions\/925"}],"wp:attachment":[{"href":"https:\/\/cogito-institut.de\/index.php?rest_route=%2Fwp%2Fv2%2Fmedia&parent=103"}],"curies":[{"name":"wp","href":"https:\/\/api.w.org\/{rel}","templated":true}]}}