{"id":100,"date":"2019-04-17T15:52:56","date_gmt":"2019-04-17T13:52:56","guid":{"rendered":"http:\/\/test.cogito-institut.eu\/?page_id=100"},"modified":"2019-04-19T06:18:27","modified_gmt":"2019-04-19T04:18:27","slug":"stadlinger","status":"publish","type":"page","link":"https:\/\/cogito-institut.de\/?page_id=100","title":{"rendered":"Stadlinger"},"content":{"rendered":"\n<h4 class=\"wp-block-heading\">J\u00f6rg Stadlinger &#8211; Literaturverzeichnis<\/h4>\n\n\n\n<p><\/p>\n\n\n\n<ul class=\"wp-block-list\"><li>Stadlinger, J\u00f6rg (2004): <strong>Neue\n     Herausforderung an gewerkschaftliche Bildungsarbeit:<\/strong> Zur\n     Zusammenf\u00fchrung von politischer Bildung und beruflicher Qualifikation. In:\n     COGITO\/ISF M\u00fcnchen, Vorstudie: Wie weiter mit &#8218;Arbeiten-ohne-Ende&#8216;?\n     Projektabschlu\u00dfbericht f\u00fcr die Tarifabteilung der IG Metall.<\/li><li>Stadlinger, J\u00f6rg (2003): <strong>Bestimmungen\n     der Autonomie.<\/strong> Zur Debatte um die &#8218;Neue Selbst\u00e4ndigkeit&#8216; in der\n     Managementliteratur und in der soziologischen Systemtheorie. In: Kastner\n     (Hg.), Neue Selbst\u00e4ndigkeit in Organisationen. Selbsttbestimmung \u2013\n     Selbstt\u00e4uschung \u2013 Selbstausbeutung? M\u00fcnchen und Mering: Hampp, 2003. S.\n     107-138.<\/li><li>Stadlinger, J\u00f6rg (2002): <strong>Individuelle\n     Autonomie und unternehmerische Selbst\u00e4ndigkeit. <\/strong>Freiheitstheoretische\n     Anmerkungen zur Bestimmung des Formwandels betrieblicher Herrschaft und\n     zur Kategorie des \u201aArbeitskraftunternehmers\u2019 bei G. G. Vo\u00df und H.\n     Pongratz. COGITO-Arbeitsheft Juli 2002. [Vortrag von der\n     COGITO-Arbeitstagung \u201eUnselbst\u00e4ndige Selbst\u00e4ndige oder\n     Arbeitskraftunternehmer?\u201c am 24. Mai 2002 in K\u00f6ln]<\/li><li>Stadlinger, J\u00f6rg (2001):<strong>\n     Reichtum und Individuum. <\/strong>\u00dcberlegungen zu einem philosophischen\n     Reichtumsbegriff. In: J. Stadlinger (Hrsg.), Reichtum heute. Diskussion\n     eines kontroversen Sachverhalts. M\u00fcnster 2001.<\/li><\/ul>\n","protected":false},"excerpt":{"rendered":"<p>J\u00f6rg Stadlinger &#8211; Literaturverzeichnis Stadlinger, J\u00f6rg (2004): Neue Herausforderung an gewerkschaftliche Bildungsarbeit: Zur Zusammenf\u00fchrung von politischer Bildung und beruflicher Qualifikation. In: COGITO\/ISF M\u00fcnchen, Vorstudie: Wie weiter mit &#8218;Arbeiten-ohne-Ende&#8216;? Projektabschlu\u00dfbericht f\u00fcr die Tarifabteilung der IG Metall. Stadlinger, J\u00f6rg (2003): Bestimmungen der [&hellip;]<\/p>\n","protected":false},"author":1,"featured_media":0,"parent":0,"menu_order":0,"comment_status":"closed","ping_status":"closed","template":"","meta":{"footnotes":""},"class_list":["post-100","page","type-page","status-publish","hentry"],"_links":{"self":[{"href":"https:\/\/cogito-institut.de\/index.php?rest_route=\/wp\/v2\/pages\/100","targetHints":{"allow":["GET"]}}],"collection":[{"href":"https:\/\/cogito-institut.de\/index.php?rest_route=\/wp\/v2\/pages"}],"about":[{"href":"https:\/\/cogito-institut.de\/index.php?rest_route=\/wp\/v2\/types\/page"}],"author":[{"embeddable":true,"href":"https:\/\/cogito-institut.de\/index.php?rest_route=\/wp\/v2\/users\/1"}],"replies":[{"embeddable":true,"href":"https:\/\/cogito-institut.de\/index.php?rest_route=%2Fwp%2Fv2%2Fcomments&post=100"}],"version-history":[{"count":7,"href":"https:\/\/cogito-institut.de\/index.php?rest_route=\/wp\/v2\/pages\/100\/revisions"}],"predecessor-version":[{"id":289,"href":"https:\/\/cogito-institut.de\/index.php?rest_route=\/wp\/v2\/pages\/100\/revisions\/289"}],"wp:attachment":[{"href":"https:\/\/cogito-institut.de\/index.php?rest_route=%2Fwp%2Fv2%2Fmedia&parent=100"}],"curies":[{"name":"wp","href":"https:\/\/api.w.org\/{rel}","templated":true}]}}